{"id":8752,"date":"2025-02-19T11:30:28","date_gmt":"2025-02-19T10:30:28","guid":{"rendered":"https:\/\/www.vogteier-vogelkirsche.de\/?page_id=8752"},"modified":"2025-04-06T17:00:26","modified_gmt":"2025-04-06T15:00:26","slug":"in-vitro","status":"publish","type":"page","link":"https:\/\/www.vogteier-vogelkirsche.de\/hu\/in-vitro\/","title":{"rendered":"In-Vitro"},"content":{"rendered":"<div data-elementor-type=\"wp-page\" data-elementor-id=\"8752\" class=\"elementor elementor-8752\" data-elementor-post-type=\"page\">\n\t\t\t\t<div class=\"elementor-element elementor-element-979d5a4 e-flex e-con-boxed e-con e-parent\" data-id=\"979d5a4\" data-element_type=\"container\" data-e-type=\"container\" data-settings=\"{&quot;background_background&quot;:&quot;classic&quot;}\">\n\t\t\t\t\t<div class=\"e-con-inner\">\n\t\t\t\t<div class=\"elementor-element elementor-element-0a39792 animated-slow elementor-invisible elementor-widget elementor-widget-heading\" data-id=\"0a39792\" data-element_type=\"widget\" data-e-type=\"widget\" data-settings=\"{&quot;_animation&quot;:&quot;fadeIn&quot;}\" data-widget_type=\"heading.default\">\n\t\t\t\t<div class=\"elementor-widget-container\">\n\t\t\t\t\t<h2 class=\"elementor-heading-title elementor-size-default\">IN-VITRO<\/h2>\t\t\t\t<\/div>\n\t\t\t\t<\/div>\n\t\t\t\t<div class=\"elementor-element elementor-element-a4a15e3 elementor-widget elementor-widget-text-editor\" data-id=\"a4a15e3\" data-element_type=\"widget\" data-e-type=\"widget\" data-widget_type=\"text-editor.default\">\n\t\t\t\t<div class=\"elementor-widget-container\">\n\t\t\t\t\t\t\t\t\tVegetat\u00edv szapor\u00edt\u00e1s vegetat\u00edv mikroszapor\u00edt\u00e1ssal\t\t\t\t\t\t\t\t<\/div>\n\t\t\t\t<\/div>\n\t\t\t\t\t<\/div>\n\t\t\t\t<\/div>\n\t\t<div class=\"elementor-element elementor-element-9bf10a1 e-flex e-con-boxed e-con e-parent\" data-id=\"9bf10a1\" data-element_type=\"container\" data-e-type=\"container\" data-settings=\"{&quot;background_background&quot;:&quot;classic&quot;}\">\n\t\t\t\t\t<div class=\"e-con-inner\">\n\t\t\t\t<div class=\"elementor-element elementor-element-bd1cd84 elementor-widget elementor-widget-heading\" data-id=\"bd1cd84\" data-element_type=\"widget\" data-e-type=\"widget\" data-widget_type=\"heading.default\">\n\t\t\t\t<div class=\"elementor-widget-container\">\n\t\t\t\t\t<h3 class=\"elementor-heading-title elementor-size-default\">Az egyetlen f\u00e1t\u00f3l a kl\u00f3nkever\u00e9kig a ROYAL AVIUM p\u00e9ld\u00e1j\u00e1n kereszt\u00fcl.<\/h3>\t\t\t\t<\/div>\n\t\t\t\t<\/div>\n\t\t\t\t<div class=\"elementor-element elementor-element-f00519d elementor-widget elementor-widget-heading\" data-id=\"f00519d\" data-element_type=\"widget\" data-e-type=\"widget\" data-widget_type=\"heading.default\">\n\t\t\t\t<div class=\"elementor-widget-container\">\n\t\t\t\t\t<h2 class=\"elementor-heading-title elementor-size-default\">Vegetat\u00edv szapor\u00edt\u00e1s vegetat\u00edv mikroszapor\u00edt\u00e1ssal <\/h2>\t\t\t\t<\/div>\n\t\t\t\t<\/div>\n\t\t\t\t\t<\/div>\n\t\t\t\t<\/div>\n\t\t<div class=\"elementor-element elementor-element-f57bd53 e-flex e-con-boxed e-con e-parent\" data-id=\"f57bd53\" data-element_type=\"container\" data-e-type=\"container\" data-settings=\"{&quot;background_background&quot;:&quot;classic&quot;}\">\n\t\t\t\t\t<div class=\"e-con-inner\">\n\t\t<div class=\"elementor-element elementor-element-f4b0098 e-con-full e-flex e-con e-child\" data-id=\"f4b0098\" data-element_type=\"container\" data-e-type=\"container\" data-settings=\"{&quot;background_background&quot;:&quot;classic&quot;}\">\n\t\t\t\t<div class=\"elementor-element elementor-element-5f34aec elementor-widget elementor-widget-heading\" data-id=\"5f34aec\" data-element_type=\"widget\" data-e-type=\"widget\" data-widget_type=\"heading.default\">\n\t\t\t\t<div class=\"elementor-widget-container\">\n\t\t\t\t\t<h3 class=\"elementor-heading-title elementor-size-default\">Kiindul\u00f3 anyag <\/h3>\t\t\t\t<\/div>\n\t\t\t\t<\/div>\n\t\t\t\t<div class=\"elementor-element elementor-element-7f5b954 elementor-widget elementor-widget-text-editor\" data-id=\"7f5b954\" data-element_type=\"widget\" data-e-type=\"widget\" data-widget_type=\"text-editor.default\">\n\t\t\t\t<div class=\"elementor-widget-container\">\n\t\t\t\t\t\t\t\t\t<p>Enged\u00e9lyezett plusz f\u00e1k r\u00fcgyeib\u0151l sz\u00e1rmaz\u00f3 n\u00f6veked\u00e9si sz\u00f6vet<\/p>\t\t\t\t\t\t\t\t<\/div>\n\t\t\t\t<\/div>\n\t\t\t\t<\/div>\n\t\t<div class=\"elementor-element elementor-element-6ae8e26 e-con-full e-flex e-con e-child\" data-id=\"6ae8e26\" data-element_type=\"container\" data-e-type=\"container\" data-settings=\"{&quot;background_background&quot;:&quot;classic&quot;}\">\n\t\t\t\t<\/div>\n\t\t\t\t\t<\/div>\n\t\t\t\t<\/div>\n\t\t<div class=\"elementor-element elementor-element-0a13661 e-flex e-con-boxed e-con e-parent\" data-id=\"0a13661\" data-element_type=\"container\" data-e-type=\"container\" data-settings=\"{&quot;background_background&quot;:&quot;classic&quot;}\">\n\t\t\t\t\t<div class=\"e-con-inner\">\n\t\t<div class=\"elementor-element elementor-element-01d3a1d e-con-full e-flex e-con e-child\" data-id=\"01d3a1d\" data-element_type=\"container\" data-e-type=\"container\" data-settings=\"{&quot;background_background&quot;:&quot;classic&quot;}\">\n\t\t\t\t<div class=\"elementor-element elementor-element-e8aa7fc elementor-widget elementor-widget-heading\" data-id=\"e8aa7fc\" data-element_type=\"widget\" data-e-type=\"widget\" data-widget_type=\"heading.default\">\n\t\t\t\t<div class=\"elementor-widget-container\">\n\t\t\t\t\t<h3 class=\"elementor-heading-title elementor-size-default\">T\u00e9li csemet\u00e9k betakar\u00edt\u00e1sa <\/h3>\t\t\t\t<\/div>\n\t\t\t\t<\/div>\n\t\t\t\t<div class=\"elementor-element elementor-element-518c8a1 elementor-widget elementor-widget-text-editor\" data-id=\"518c8a1\" data-element_type=\"widget\" data-e-type=\"widget\" data-widget_type=\"text-editor.default\">\n\t\t\t\t<div class=\"elementor-widget-container\">\n\t\t\t\t\t\t\t\t\t<p>December k\u00f6zepe \u00e9s febru\u00e1r k\u00f6z\u00f6tt a t\u00e9li csemet\u00e9ket a k\u00f6ztes t\u00e1rol\u00e1s ut\u00e1n v\u00e1gj\u00e1k ki a tov\u00e1bbi feldolgoz\u00e1shoz.<\/p>\t\t\t\t\t\t\t\t<\/div>\n\t\t\t\t<\/div>\n\t\t\t\t<\/div>\n\t\t<div class=\"elementor-element elementor-element-0b15d8b e-con-full e-flex e-con e-child\" data-id=\"0b15d8b\" data-element_type=\"container\" data-e-type=\"container\" data-settings=\"{&quot;background_background&quot;:&quot;classic&quot;}\">\n\t\t\t\t<\/div>\n\t\t\t\t\t<\/div>\n\t\t\t\t<\/div>\n\t\t<div class=\"elementor-element elementor-element-4901e40 e-flex e-con-boxed e-con e-parent\" data-id=\"4901e40\" data-element_type=\"container\" data-e-type=\"container\" data-settings=\"{&quot;background_background&quot;:&quot;classic&quot;}\">\n\t\t\t\t\t<div class=\"e-con-inner\">\n\t\t<div class=\"elementor-element elementor-element-847ea1c e-con-full e-flex e-con e-child\" data-id=\"847ea1c\" data-element_type=\"container\" data-e-type=\"container\" data-settings=\"{&quot;background_background&quot;:&quot;classic&quot;}\">\n\t\t\t\t<div class=\"elementor-element elementor-element-3ab8080 elementor-widget elementor-widget-heading\" data-id=\"3ab8080\" data-element_type=\"widget\" data-e-type=\"widget\" data-widget_type=\"heading.default\">\n\t\t\t\t<div class=\"elementor-widget-container\">\n\t\t\t\t\t<h3 class=\"elementor-heading-title elementor-size-default\">Steriliz\u00e1l\u00e1s \u00e9s el\u0151k\u00e9sz\u00edt\u00e9s<\/h3>\t\t\t\t<\/div>\n\t\t\t\t<\/div>\n\t\t\t\t<div class=\"elementor-element elementor-element-567ffc0 elementor-widget elementor-widget-text-editor\" data-id=\"567ffc0\" data-element_type=\"widget\" data-e-type=\"widget\" data-widget_type=\"text-editor.default\">\n\t\t\t\t<div class=\"elementor-widget-container\">\n\t\t\t\t\t\t\t\t\t<p>A v\u00e9g- \u00e9s oldalr\u00fcgyekkel rendelkez\u0151 hajt\u00e1sdarabokat steriliz\u00e1lj\u00e1k; ezut\u00e1n elt\u00e1vol\u00edtj\u00e1k a r\u00fcgypikkelyeket, \u00e9s kiv\u00e1gj\u00e1k a n\u00f6veked\u00e9si sz\u00f6vetet.<\/p>\t\t\t\t\t\t\t\t<\/div>\n\t\t\t\t<\/div>\n\t\t\t\t<\/div>\n\t\t<div class=\"elementor-element elementor-element-1db7a9b e-con-full e-flex e-con e-child\" data-id=\"1db7a9b\" data-element_type=\"container\" data-e-type=\"container\" data-settings=\"{&quot;background_background&quot;:&quot;classic&quot;}\">\n\t\t\t\t<\/div>\n\t\t\t\t\t<\/div>\n\t\t\t\t<\/div>\n\t\t<div class=\"elementor-element elementor-element-4245191 e-flex e-con-boxed e-con e-parent\" data-id=\"4245191\" data-element_type=\"container\" data-e-type=\"container\" data-settings=\"{&quot;background_background&quot;:&quot;classic&quot;}\">\n\t\t\t\t\t<div class=\"e-con-inner\">\n\t\t<div class=\"elementor-element elementor-element-7705e65 e-con-full e-flex e-con e-child\" data-id=\"7705e65\" data-element_type=\"container\" data-e-type=\"container\" data-settings=\"{&quot;background_background&quot;:&quot;classic&quot;}\">\n\t\t\t\t<div class=\"elementor-element elementor-element-9662570 elementor-widget elementor-widget-heading\" data-id=\"9662570\" data-element_type=\"widget\" data-e-type=\"widget\" data-widget_type=\"heading.default\">\n\t\t\t\t<div class=\"elementor-widget-container\">\n\t\t\t\t\t<h3 class=\"elementor-heading-title elementor-size-default\">Telep\u00edt\u00e9s  <\/h3>\t\t\t\t<\/div>\n\t\t\t\t<\/div>\n\t\t\t\t<div class=\"elementor-element elementor-element-e1e259d elementor-widget elementor-widget-text-editor\" data-id=\"e1e259d\" data-element_type=\"widget\" data-e-type=\"widget\" data-widget_type=\"text-editor.default\">\n\t\t\t\t<div class=\"elementor-widget-container\">\n\t\t\t\t\t\t\t\t\t<p>Az explant\u00e1tumokat t\u00e1ptalajra helyezik \u00e9s tov\u00e1bb termesztik.<\/p>\t\t\t\t\t\t\t\t<\/div>\n\t\t\t\t<\/div>\n\t\t\t\t<\/div>\n\t\t<div class=\"elementor-element elementor-element-cf64760 e-con-full e-flex e-con e-child\" data-id=\"cf64760\" data-element_type=\"container\" data-e-type=\"container\" data-settings=\"{&quot;background_background&quot;:&quot;classic&quot;}\">\n\t\t\t\t<\/div>\n\t\t\t\t\t<\/div>\n\t\t\t\t<\/div>\n\t\t<div class=\"elementor-element elementor-element-d6d65d4 e-flex e-con-boxed e-con e-parent\" data-id=\"d6d65d4\" data-element_type=\"container\" data-e-type=\"container\" data-settings=\"{&quot;background_background&quot;:&quot;classic&quot;}\">\n\t\t\t\t\t<div class=\"e-con-inner\">\n\t\t<div class=\"elementor-element elementor-element-239638e e-con-full e-flex e-con e-child\" data-id=\"239638e\" data-element_type=\"container\" data-e-type=\"container\" data-settings=\"{&quot;background_background&quot;:&quot;classic&quot;}\">\n\t\t\t\t<div class=\"elementor-element elementor-element-6d1d560 elementor-widget elementor-widget-heading\" data-id=\"6d1d560\" data-element_type=\"widget\" data-e-type=\"widget\" data-widget_type=\"heading.default\">\n\t\t\t\t<div class=\"elementor-widget-container\">\n\t\t\t\t\t<h3 class=\"elementor-heading-title elementor-size-default\">Szubkult\u00fara \u00e9s szapor\u00edt\u00e1s <\/h3>\t\t\t\t<\/div>\n\t\t\t\t<\/div>\n\t\t\t\t<div class=\"elementor-element elementor-element-f823f6b elementor-widget elementor-widget-text-editor\" data-id=\"f823f6b\" data-element_type=\"widget\" data-e-type=\"widget\" data-widget_type=\"text-editor.default\">\n\t\t\t\t<div class=\"elementor-widget-container\">\n\t\t\t\t\t\t\t\t\t<p>Miut\u00e1n a hajt\u00e1sok kihajtottak, sz\u00e9tv\u00e1lasztjuk \u0151ket, \u00e9s ism\u00e9t t\u00e1pk\u00f6zegre helyezz\u00fck \u0151ket.<\/p>\t\t\t\t\t\t\t\t<\/div>\n\t\t\t\t<\/div>\n\t\t\t\t<\/div>\n\t\t<div class=\"elementor-element elementor-element-78deb80 e-con-full e-flex e-con e-child\" data-id=\"78deb80\" data-element_type=\"container\" data-e-type=\"container\" data-settings=\"{&quot;background_background&quot;:&quot;classic&quot;}\">\n\t\t\t\t<\/div>\n\t\t\t\t\t<\/div>\n\t\t\t\t<\/div>\n\t\t<div class=\"elementor-element elementor-element-a18cbec e-flex e-con-boxed e-con e-parent\" data-id=\"a18cbec\" data-element_type=\"container\" data-e-type=\"container\" data-settings=\"{&quot;background_background&quot;:&quot;classic&quot;}\">\n\t\t\t\t\t<div class=\"e-con-inner\">\n\t\t<div class=\"elementor-element elementor-element-6f9bf7c e-con-full e-flex e-con e-child\" data-id=\"6f9bf7c\" data-element_type=\"container\" data-e-type=\"container\" data-settings=\"{&quot;background_background&quot;:&quot;classic&quot;}\">\n\t\t\t\t<div class=\"elementor-element elementor-element-6c31536 elementor-widget elementor-widget-heading\" data-id=\"6c31536\" data-element_type=\"widget\" data-e-type=\"widget\" data-widget_type=\"heading.default\">\n\t\t\t\t<div class=\"elementor-widget-container\">\n\t\t\t\t\t<h3 class=\"elementor-heading-title elementor-size-default\">Akklimatiz\u00e1ci\u00f3 \u00e9s termeszt\u00e9s<\/h3>\t\t\t\t<\/div>\n\t\t\t\t<\/div>\n\t\t\t\t<div class=\"elementor-element elementor-element-1c81bc0 elementor-widget elementor-widget-text-editor\" data-id=\"1c81bc0\" data-element_type=\"widget\" data-e-type=\"widget\" data-widget_type=\"text-editor.default\">\n\t\t\t\t<div class=\"elementor-widget-container\">\n\t\t\t\t\t\t\t\t\t<p>A gy\u00f6keresed\u00e9s ut\u00e1n az \u00fcltetv\u00e9nyeket a kontroll\u00e1lt k\u00f6rnyezetb\u0151l a talajba helyezik, akklimatiz\u00e1lj\u00e1k, majd szabadf\u00f6ldbe viszik tov\u00e1bbi termeszt\u00e9s c\u00e9lj\u00e1b\u00f3l, am\u00edg el nem \u00e9rik a termeszthet\u0151 m\u00e9retet.<\/p>\t\t\t\t\t\t\t\t<\/div>\n\t\t\t\t<\/div>\n\t\t\t\t<\/div>\n\t\t<div class=\"elementor-element elementor-element-7be5321 e-con-full e-flex e-con e-child\" data-id=\"7be5321\" data-element_type=\"container\" data-e-type=\"container\" data-settings=\"{&quot;background_background&quot;:&quot;classic&quot;}\">\n\t\t\t\t<\/div>\n\t\t\t\t\t<\/div>\n\t\t\t\t<\/div>\n\t\t\t\t<\/div>","protected":false},"excerpt":{"rendered":"<p>IN-VITRO Vegetative Vermehrung via vegetativer Mikrovermehrung Vom einzelnen Baum zur Klonmischung am Beispiel der ROYAL AVIUM. Vegetative Vermehrung via vegetativer Mikrovermehrung Ausgangsmaterial Wachstumsgewebe aus Knospen zugelassener Plusb\u00e4ume Ernte von Winterreisern Ab Mitte Dezember bis Februar erfolgt der Schnitt der Winterreiser, um nach Zwischenlagerung weiterverarbeitet zu werden. Sterilisierung und Pr\u00e4parierung Sprossst\u00fccke mit End- und Seitenknospen werden [&hellip;]<\/p>\n","protected":false},"author":1,"featured_media":0,"parent":0,"menu_order":0,"comment_status":"closed","ping_status":"closed","template":"template-home.php","meta":{"footnotes":""},"class_list":["post-8752","page","type-page","status-publish","hentry"],"_links":{"self":[{"href":"https:\/\/www.vogteier-vogelkirsche.de\/hu\/wp-json\/wp\/v2\/pages\/8752","targetHints":{"allow":["GET"]}}],"collection":[{"href":"https:\/\/www.vogteier-vogelkirsche.de\/hu\/wp-json\/wp\/v2\/pages"}],"about":[{"href":"https:\/\/www.vogteier-vogelkirsche.de\/hu\/wp-json\/wp\/v2\/types\/page"}],"author":[{"embeddable":true,"href":"https:\/\/www.vogteier-vogelkirsche.de\/hu\/wp-json\/wp\/v2\/users\/1"}],"replies":[{"embeddable":true,"href":"https:\/\/www.vogteier-vogelkirsche.de\/hu\/wp-json\/wp\/v2\/comments?post=8752"}],"version-history":[{"count":25,"href":"https:\/\/www.vogteier-vogelkirsche.de\/hu\/wp-json\/wp\/v2\/pages\/8752\/revisions"}],"predecessor-version":[{"id":9351,"href":"https:\/\/www.vogteier-vogelkirsche.de\/hu\/wp-json\/wp\/v2\/pages\/8752\/revisions\/9351"}],"wp:attachment":[{"href":"https:\/\/www.vogteier-vogelkirsche.de\/hu\/wp-json\/wp\/v2\/media?parent=8752"}],"curies":[{"name":"wp","href":"https:\/\/api.w.org\/{rel}","templated":true}]}}