{"id":7302,"date":"2024-05-29T14:40:26","date_gmt":"2024-05-29T12:40:26","guid":{"rendered":"https:\/\/www.vogteier-vogelkirsche.de\/?page_id=7302"},"modified":"2026-01-23T14:09:40","modified_gmt":"2026-01-23T13:09:40","slug":"impressum","status":"publish","type":"page","link":"https:\/\/www.vogteier-vogelkirsche.de\/hu\/impressum\/","title":{"rendered":"Imprint"},"content":{"rendered":"<div data-elementor-type=\"wp-page\" data-elementor-id=\"7302\" class=\"elementor elementor-7302\" data-elementor-post-type=\"page\">\n\t\t\t\t\t\t<section class=\"elementor-section elementor-top-section elementor-element elementor-element-12b2f9c elementor-section-full_width elementor-hidden-mobile elementor-section-height-default elementor-section-height-default\" data-id=\"12b2f9c\" data-element_type=\"section\" data-e-type=\"section\" data-settings=\"{&quot;background_background&quot;:&quot;classic&quot;}\">\n\t\t\t\t\t\t<div class=\"elementor-container elementor-column-gap-no\">\n\t\t\t\t\t<div class=\"elementor-column elementor-col-100 elementor-top-column elementor-element elementor-element-05236f9\" data-id=\"05236f9\" data-element_type=\"column\" data-e-type=\"column\" data-settings=\"{&quot;background_background&quot;:&quot;classic&quot;}\">\n\t\t\t<div class=\"elementor-widget-wrap elementor-element-populated\">\n\t\t\t\t\t\t<div class=\"elementor-element elementor-element-cdab136 animated-slow elementor-invisible elementor-widget elementor-widget-heading\" data-id=\"cdab136\" data-element_type=\"widget\" data-e-type=\"widget\" data-settings=\"{&quot;_animation&quot;:&quot;fadeIn&quot;}\" data-widget_type=\"heading.default\">\n\t\t\t\t<div class=\"elementor-widget-container\">\n\t\t\t\t\t<h2 class=\"elementor-heading-title elementor-size-default\">IMPRINT<\/h2>\t\t\t\t<\/div>\n\t\t\t\t<\/div>\n\t\t\t\t\t<\/div>\n\t\t<\/div>\n\t\t\t\t\t<\/div>\n\t\t<\/section>\n\t\t<div class=\"elementor-element elementor-element-cfd40f3 e-flex e-con-boxed e-con e-parent\" data-id=\"cfd40f3\" data-element_type=\"container\" data-e-type=\"container\">\n\t\t\t\t\t<div class=\"e-con-inner\">\n\t\t\t\t<div class=\"elementor-element elementor-element-3af49ea elementor-widget elementor-widget-heading\" data-id=\"3af49ea\" data-element_type=\"widget\" data-e-type=\"widget\" data-widget_type=\"heading.default\">\n\t\t\t\t<div class=\"elementor-widget-container\">\n\t\t\t\t\t<h2 class=\"elementor-heading-title elementor-size-default\">Imprint<\/h2>\t\t\t\t<\/div>\n\t\t\t\t<\/div>\n\t\t\t\t<div class=\"elementor-element elementor-element-4718d63 elementor-widget elementor-widget-text-editor\" data-id=\"4718d63\" data-element_type=\"widget\" data-e-type=\"widget\" data-widget_type=\"text-editor.default\">\n\t\t\t\t<div class=\"elementor-widget-container\">\n\t\t\t\t\t\t\t\t\t<p><span style=\"color: #39170d;\"><strong>Baumschulen Oberdorla GmbH<\/strong><\/span><\/p><p><span style=\"color: #39170d;\">Burgstra\u00dfe 57<\/span><br \/><span style=\"color: #39170d;\">99986 Vogtei OT Oberdorla<\/span><\/p><p><span style=\"color: #39170d;\">Commercial Register: HRB 401405<\/span><br \/><span style=\"color: #39170d;\">Registration court: Amtsgericht Jena<\/span><\/p><p><span style=\"color: #39170d;\">Represented by:<\/span><br \/><span style=\"color: #39170d;\"><strong>Gesch\u00e4ftsf\u00fchrer<\/strong>: Dr. Marcus Lange<\/span><\/p><p><span style=\"color: #39170d;\">Contact<\/span><\/p><p><span style=\"color: #39170d;\">Telefon: +49 (0) 3601 7514-0<\/span><br \/><span style=\"color: #39170d;\">Telefax: +49 (0) 3601 751475<\/span><\/p><p><span style=\"color: #39170d;\">VAT ID<\/span><br \/><span style=\"color: #39170d;\">Sales tax identification number according to Sect. 27 a of the Sales Tax Law:<\/span><br \/><span style=\"color: #39170d;\">DE811316760<\/span><\/p><p><span style=\"color: #39170d;\">EU dispute resolution<\/span><\/p><p><span style=\"color: #39170d;\">Our e-mail address can be found above in the site notice.<\/span><br \/><span style=\"color: #39170d;\">Our e-mail address can be found above in the site notice.<\/span><br \/><span style=\"color: #39170d;\">Dispute resolution proceedings in front of a consumer arbitration board<\/span><\/p><p><span style=\"color: #39170d;\">We are not willing or obliged to participate in dispute resolution proceedings in front of a consumer arbitration board. <strong>nicht<\/strong> bereit oder verpflichtet, an Streitbeilegungsverfahren vor einer Verbraucherschlichtungsstelle teilzunehmen.<\/span><\/p>\t\t\t\t\t\t\t\t<\/div>\n\t\t\t\t<\/div>\n\t\t\t\t\t<\/div>\n\t\t\t\t<\/div>\n\t\t\t\t<\/div>","protected":false},"excerpt":{"rendered":"<p>IMPRESSUM Impressum Baumschulen Oberdorla GmbH Burgstra\u00dfe 5799986 Vogtei OT Oberdorla Handelsregister: HRB 401405Registergericht: Amtsgericht Jena Vertreten durch:Gesch\u00e4ftsf\u00fchrer: Dr. Marcus Lange Kontakt Telefon: +49 (0) 3601 7514-0Telefax: +49 (0) 3601 751475 Umsatzsteuer-IDUmsatzsteuer-Identifikationsnummer gem\u00e4\u00df \u00a7 27 a Umsatzsteuergesetz:DE811316760 EU-Streitschlichtung Die Europ\u00e4ische Kommission stellt eine Plattform zur Online-Streitbeilegung (OS) bereit: https:\/\/ec.europa.eu\/consumers\/odr\/.Unsere E-Mail-Adresse finden Sie oben im Impressum.Verbraucher\u00adstreit\u00adbeilegung\/Universal\u00adschlichtungs\u00adstelle Wir [&hellip;]<\/p>\n","protected":false},"author":1,"featured_media":0,"parent":0,"menu_order":0,"comment_status":"closed","ping_status":"closed","template":"template-home.php","meta":{"footnotes":""},"class_list":["post-7302","page","type-page","status-publish","hentry"],"_links":{"self":[{"href":"https:\/\/www.vogteier-vogelkirsche.de\/hu\/wp-json\/wp\/v2\/pages\/7302","targetHints":{"allow":["GET"]}}],"collection":[{"href":"https:\/\/www.vogteier-vogelkirsche.de\/hu\/wp-json\/wp\/v2\/pages"}],"about":[{"href":"https:\/\/www.vogteier-vogelkirsche.de\/hu\/wp-json\/wp\/v2\/types\/page"}],"author":[{"embeddable":true,"href":"https:\/\/www.vogteier-vogelkirsche.de\/hu\/wp-json\/wp\/v2\/users\/1"}],"replies":[{"embeddable":true,"href":"https:\/\/www.vogteier-vogelkirsche.de\/hu\/wp-json\/wp\/v2\/comments?post=7302"}],"version-history":[{"count":61,"href":"https:\/\/www.vogteier-vogelkirsche.de\/hu\/wp-json\/wp\/v2\/pages\/7302\/revisions"}],"predecessor-version":[{"id":9393,"href":"https:\/\/www.vogteier-vogelkirsche.de\/hu\/wp-json\/wp\/v2\/pages\/7302\/revisions\/9393"}],"wp:attachment":[{"href":"https:\/\/www.vogteier-vogelkirsche.de\/hu\/wp-json\/wp\/v2\/media?parent=7302"}],"curies":[{"name":"wp","href":"https:\/\/api.w.org\/{rel}","templated":true}]}}