{"id":6831,"date":"2024-05-27T09:15:12","date_gmt":"2024-05-27T07:15:12","guid":{"rendered":"https:\/\/www.vogteier-vogelkirsche.de\/?page_id=6831"},"modified":"2025-04-06T17:02:20","modified_gmt":"2025-04-06T15:02:20","slug":"nachhaltigkeit","status":"publish","type":"page","link":"https:\/\/www.vogteier-vogelkirsche.de\/hu\/nachhaltigkeit\/","title":{"rendered":"Fenntarthat\u00f3s\u00e1g"},"content":{"rendered":"<div data-elementor-type=\"wp-page\" data-elementor-id=\"6831\" class=\"elementor elementor-6831\" data-elementor-post-type=\"page\">\n\t\t\t\t\t\t<section class=\"elementor-section elementor-top-section elementor-element elementor-element-12b2f9c elementor-section-full_width elementor-section-height-default elementor-section-height-default\" data-id=\"12b2f9c\" data-element_type=\"section\" data-e-type=\"section\" data-settings=\"{&quot;background_background&quot;:&quot;classic&quot;}\">\n\t\t\t\t\t\t<div class=\"elementor-container elementor-column-gap-no\">\n\t\t\t\t\t<div class=\"elementor-column elementor-col-100 elementor-top-column elementor-element elementor-element-05236f9\" data-id=\"05236f9\" data-element_type=\"column\" data-e-type=\"column\" data-settings=\"{&quot;background_background&quot;:&quot;classic&quot;}\">\n\t\t\t<div class=\"elementor-widget-wrap elementor-element-populated\">\n\t\t\t\t\t\t<div class=\"elementor-element elementor-element-cdab136 animated-slow elementor-invisible elementor-widget elementor-widget-heading\" data-id=\"cdab136\" data-element_type=\"widget\" data-e-type=\"widget\" data-settings=\"{&quot;_animation&quot;:&quot;fadeIn&quot;}\" data-widget_type=\"heading.default\">\n\t\t\t\t<div class=\"elementor-widget-container\">\n\t\t\t\t\t<h2 class=\"elementor-heading-title elementor-size-default\">Fenntarthat\u00f3s\u00e1g.<\/h2>\t\t\t\t<\/div>\n\t\t\t\t<\/div>\n\t\t\t\t<div class=\"elementor-element elementor-element-f17fe7a animated-slow elementor-invisible elementor-widget elementor-widget-text-editor\" data-id=\"f17fe7a\" data-element_type=\"widget\" data-e-type=\"widget\" data-settings=\"{&quot;_animation&quot;:&quot;fadeIn&quot;}\" data-widget_type=\"text-editor.default\">\n\t\t\t\t<div class=\"elementor-widget-container\">\n\t\t\t\t\t\t\t\t\t<p>A TUPAG Konszern z\u00e1szl\u00f3shaj\u00f3ja<\/p>\t\t\t\t\t\t\t\t<\/div>\n\t\t\t\t<\/div>\n\t\t\t\t\t<\/div>\n\t\t<\/div>\n\t\t\t\t\t<\/div>\n\t\t<\/section>\n\t\t\t\t<section class=\"elementor-section elementor-top-section elementor-element elementor-element-0de7f25 animated-slow elementor-section-boxed elementor-section-height-default elementor-section-height-default elementor-invisible\" data-id=\"0de7f25\" data-element_type=\"section\" data-e-type=\"section\" data-settings=\"{&quot;background_background&quot;:&quot;classic&quot;,&quot;animation&quot;:&quot;fadeIn&quot;}\">\n\t\t\t\t\t\t<div class=\"elementor-container elementor-column-gap-no\">\n\t\t\t\t\t<div class=\"elementor-column elementor-col-100 elementor-top-column elementor-element elementor-element-ddd1e8e\" data-id=\"ddd1e8e\" data-element_type=\"column\" data-e-type=\"column\">\n\t\t\t<div class=\"elementor-widget-wrap elementor-element-populated\">\n\t\t\t\t\t\t<div class=\"elementor-element elementor-element-a18d90f elementor-widget elementor-widget-text-editor\" data-id=\"a18d90f\" data-element_type=\"widget\" data-e-type=\"widget\" data-widget_type=\"text-editor.default\">\n\t\t\t\t<div class=\"elementor-widget-container\">\n\t\t\t\t\t\t\t\t\t<p>ROYAL AVIUM CSERESZNYE - K\u00dcL\u00d6N\u00d6SEN \u00c9RT\u00c9KES, ER\u0150TELJES \u00c9S KL\u00cdMASTABIL MAD\u00c1RCSERESZNYE, AMELY IN VITRO SZAPOR\u00cdT\u00c1SSAL, GENETIKAI M\u00d3DOS\u00cdT\u00c1S N\u00c9LK\u00dcL, B\u00c1RMILYEN MENNYIS\u00c9GBEN RENDELKEZ\u00c9SRE \u00c1LL.<\/p>\t\t\t\t\t\t\t\t<\/div>\n\t\t\t\t<\/div>\n\t\t\t\t<div class=\"elementor-element elementor-element-4b78210 elementor-widget elementor-widget-heading\" data-id=\"4b78210\" data-element_type=\"widget\" data-e-type=\"widget\" data-widget_type=\"heading.default\">\n\t\t\t\t<div class=\"elementor-widget-container\">\n\t\t\t\t\t<h2 class=\"elementor-heading-title elementor-size-default\">A TIT\u00c1N-V\u00d6R\u00d6SFENY\u0150 EGY Z\u00d6LDEBB J\u00d6V\u0150 FEL\u00c9 NYITJA MEG AZ UTAT.<\/h2>\t\t\t\t<\/div>\n\t\t\t\t<\/div>\n\t\t\t\t<div class=\"elementor-element elementor-element-244a245 elementor-widget elementor-widget-text-editor\" data-id=\"244a245\" data-element_type=\"widget\" data-e-type=\"widget\" data-widget_type=\"text-editor.default\">\n\t\t\t\t<div class=\"elementor-widget-container\">\n\t\t\t\t\t\t\t\t\t<p>Als mittelst\u00e4ndisches Unternehmen betrachten wir Nachhaltigkeit als einen zentralen Bestandteil unserer Gesch\u00e4ftspraktiken. Bei der TUPAG sehen wir uns in der Verantwortung, einen positiven Beitrag f\u00fcr Gesellschaft und Umwelt zu leisten.<\/p>\t\t\t\t\t\t\t\t<\/div>\n\t\t\t\t<\/div>\n\t\t\t\t<div class=\"elementor-element elementor-element-4fd640e elementor-icon-list--layout-traditional elementor-list-item-link-full_width elementor-widget elementor-widget-icon-list\" data-id=\"4fd640e\" data-element_type=\"widget\" data-e-type=\"widget\" data-widget_type=\"icon-list.default\">\n\t\t\t\t<div class=\"elementor-widget-container\">\n\t\t\t\t\t\t\t<ul class=\"elementor-icon-list-items\">\n\t\t\t\t\t\t\t<li class=\"elementor-icon-list-item\">\n\t\t\t\t\t\t\t\t\t\t\t<span class=\"elementor-icon-list-icon\">\n\t\t\t\t\t\t\t<svg aria-hidden=\"true\" class=\"e-font-icon-svg e-fas-check\" viewbox=\"0 0 512 512\" xmlns=\"http:\/\/www.w3.org\/2000\/svg\"><path d=\"M173.898 439.404l-166.4-166.4c-9.997-9.997-9.997-26.206 0-36.204l36.203-36.204c9.997-9.998 26.207-9.998 36.204 0L192 312.69 432.095 72.596c9.997-9.997 26.207-9.997 36.204 0l36.203 36.204c9.997 9.997 9.997 26.206 0 36.204l-294.4 294.401c-9.998 9.997-26.207 9.997-36.204-.001z\"><\/path><\/svg>\t\t\t\t\t\t<\/span>\n\t\t\t\t\t\t\t\t\t\t<span class=\"elementor-icon-list-text\">A fenntarthat\u00f3s\u00e1gr\u00f3l alkotott elk\u00e9pzel\u00e9s\u00fcnk az ESG koncepci\u00f3n alapul. Az \u201eEnvironment\u201d a k\u00f6rnyezetet, a \u201eSocial\u201d a t\u00e1rsadalmi felel\u0151ss\u00e9gv\u00e1llal\u00e1st, a \u201eGovernance\u201d pedig a v\u00e1llalatir\u00e1ny\u00edt\u00e1st jelenti.<\/span>\n\t\t\t\t\t\t\t\t\t<\/li>\n\t\t\t\t\t\t<\/ul>\n\t\t\t\t\t\t<\/div>\n\t\t\t\t<\/div>\n\t\t\t\t<div class=\"elementor-element elementor-element-5c7df1a elementor-icon-list--layout-traditional elementor-list-item-link-full_width elementor-widget elementor-widget-icon-list\" data-id=\"5c7df1a\" data-element_type=\"widget\" data-e-type=\"widget\" data-widget_type=\"icon-list.default\">\n\t\t\t\t<div class=\"elementor-widget-container\">\n\t\t\t\t\t\t\t<ul class=\"elementor-icon-list-items\">\n\t\t\t\t\t\t\t<li class=\"elementor-icon-list-item\">\n\t\t\t\t\t\t\t\t\t\t\t<span class=\"elementor-icon-list-icon\">\n\t\t\t\t\t\t\t<svg aria-hidden=\"true\" class=\"e-font-icon-svg e-fas-check\" viewbox=\"0 0 512 512\" xmlns=\"http:\/\/www.w3.org\/2000\/svg\"><path d=\"M173.898 439.404l-166.4-166.4c-9.997-9.997-9.997-26.206 0-36.204l36.203-36.204c9.997-9.998 26.207-9.998 36.204 0L192 312.69 432.095 72.596c9.997-9.997 26.207-9.997 36.204 0l36.203 36.204c9.997 9.997 9.997 26.206 0 36.204l-294.4 294.401c-9.998 9.997-26.207 9.997-36.204-.001z\"><\/path><\/svg>\t\t\t\t\t\t<\/span>\n\t\t\t\t\t\t\t\t\t\t<span class=\"elementor-icon-list-text\">M\u00e1r 2022-ben \u00e1tfog\u00f3 fenntarthat\u00f3s\u00e1gi strat\u00e9gi\u00e1t dolgoztunk ki akt\u00edv felel\u0151ss\u00e9gv\u00e1llal\u00e1sunk ir\u00e1nyad\u00f3jak\u00e9nt, \u00e9s azonos\u00edtottuk a sz\u00e1munkra legfontosabb fenntarthat\u00f3s\u00e1gi k\u00e9rd\u00e9seket. Ezek k\u00f6z\u00e9 tartozik az \u00e9ghajlatv\u00e9delem, a biol\u00f3giai sokf\u00e9les\u00e9g meg\u0151rz\u00e9se, a talaj eg\u00e9szs\u00e9ge, valamint a v\u00edz- \u00e9s n\u00f6v\u00e9nyv\u00e9delem. <\/span>\n\t\t\t\t\t\t\t\t\t<\/li>\n\t\t\t\t\t\t<\/ul>\n\t\t\t\t\t\t<\/div>\n\t\t\t\t<\/div>\n\t\t\t\t<div class=\"elementor-element elementor-element-629c6cd elementor-icon-list--layout-traditional elementor-list-item-link-full_width elementor-widget elementor-widget-icon-list\" data-id=\"629c6cd\" data-element_type=\"widget\" data-e-type=\"widget\" data-widget_type=\"icon-list.default\">\n\t\t\t\t<div class=\"elementor-widget-container\">\n\t\t\t\t\t\t\t<ul class=\"elementor-icon-list-items\">\n\t\t\t\t\t\t\t<li class=\"elementor-icon-list-item\">\n\t\t\t\t\t\t\t\t\t\t\t<span class=\"elementor-icon-list-icon\">\n\t\t\t\t\t\t\t<svg aria-hidden=\"true\" class=\"e-font-icon-svg e-fas-check\" viewbox=\"0 0 512 512\" xmlns=\"http:\/\/www.w3.org\/2000\/svg\"><path d=\"M173.898 439.404l-166.4-166.4c-9.997-9.997-9.997-26.206 0-36.204l36.203-36.204c9.997-9.998 26.207-9.998 36.204 0L192 312.69 432.095 72.596c9.997-9.997 26.207-9.997 36.204 0l36.203 36.204c9.997 9.997 9.997 26.206 0 36.204l-294.4 294.401c-9.998 9.997-26.207 9.997-36.204-.001z\"><\/path><\/svg>\t\t\t\t\t\t<\/span>\n\t\t\t\t\t\t\t\t\t\t<span class=\"elementor-icon-list-text\">A Tupag-csoport le\u00e1nyv\u00e1llalatak\u00e9nt a Baumschule Oberdorla szak\u00e9rtelme k\u00fcl\u00f6n\u00f6sen fontos hozz\u00e1j\u00e1rul\u00e1st ny\u00fajthat az \u00e9ghajlatv\u00e9delmi c\u00e9l el\u00e9r\u00e9s\u00e9hez. <\/span>\n\t\t\t\t\t\t\t\t\t<\/li>\n\t\t\t\t\t\t<\/ul>\n\t\t\t\t\t\t<\/div>\n\t\t\t\t<\/div>\n\t\t\t\t<div class=\"elementor-element elementor-element-b328cee elementor-icon-list--layout-traditional elementor-list-item-link-full_width elementor-widget elementor-widget-icon-list\" data-id=\"b328cee\" data-element_type=\"widget\" data-e-type=\"widget\" data-widget_type=\"icon-list.default\">\n\t\t\t\t<div class=\"elementor-widget-container\">\n\t\t\t\t\t\t\t<ul class=\"elementor-icon-list-items\">\n\t\t\t\t\t\t\t<li class=\"elementor-icon-list-item\">\n\t\t\t\t\t\t\t\t\t\t\t<span class=\"elementor-icon-list-icon\">\n\t\t\t\t\t\t\t<svg aria-hidden=\"true\" class=\"e-font-icon-svg e-fas-check\" viewbox=\"0 0 512 512\" xmlns=\"http:\/\/www.w3.org\/2000\/svg\"><path d=\"M173.898 439.404l-166.4-166.4c-9.997-9.997-9.997-26.206 0-36.204l36.203-36.204c9.997-9.998 26.207-9.998 36.204 0L192 312.69 432.095 72.596c9.997-9.997 26.207-9.997 36.204 0l36.203 36.204c9.997 9.997 9.997 26.206 0 36.204l-294.4 294.401c-9.998 9.997-26.207 9.997-36.204-.001z\"><\/path><\/svg>\t\t\t\t\t\t<\/span>\n\t\t\t\t\t\t\t\t\t\t<span class=\"elementor-icon-list-text\">Ez a hozz\u00e1j\u00e1rul\u00e1s a j\u00f6v\u0151 erdei sz\u00e1m\u00e1ra olyan ellen\u00e1ll\u00f3 fafajok el\u0151\u00e1ll\u00edt\u00e1s\u00e1ban rejlik, amelyek k\u00e9pesek megbirk\u00f3zni az \u00e9ghajlatv\u00e1ltoz\u00e1s kih\u00edv\u00e1saival. <\/span>\n\t\t\t\t\t\t\t\t\t<\/li>\n\t\t\t\t\t\t<\/ul>\n\t\t\t\t\t\t<\/div>\n\t\t\t\t<\/div>\n\t\t\t\t<div class=\"elementor-element elementor-element-0163a00 elementor-icon-list--layout-traditional elementor-list-item-link-full_width elementor-widget elementor-widget-icon-list\" data-id=\"0163a00\" data-element_type=\"widget\" data-e-type=\"widget\" data-widget_type=\"icon-list.default\">\n\t\t\t\t<div class=\"elementor-widget-container\">\n\t\t\t\t\t\t\t<ul class=\"elementor-icon-list-items\">\n\t\t\t\t\t\t\t<li class=\"elementor-icon-list-item\">\n\t\t\t\t\t\t\t\t\t\t\t<span class=\"elementor-icon-list-icon\">\n\t\t\t\t\t\t\t<svg aria-hidden=\"true\" class=\"e-font-icon-svg e-fas-check\" viewbox=\"0 0 512 512\" xmlns=\"http:\/\/www.w3.org\/2000\/svg\"><path d=\"M173.898 439.404l-166.4-166.4c-9.997-9.997-9.997-26.206 0-36.204l36.203-36.204c9.997-9.998 26.207-9.998 36.204 0L192 312.69 432.095 72.596c9.997-9.997 26.207-9.997 36.204 0l36.203 36.204c9.997 9.997 9.997 26.206 0 36.204l-294.4 294.401c-9.998 9.997-26.207 9.997-36.204-.001z\"><\/path><\/svg>\t\t\t\t\t\t<\/span>\n\t\t\t\t\t\t\t\t\t\t<span class=\"elementor-icon-list-text\">A Baumschulen Oberdorla t\u00f6bb mint 20 \u00e9ves kutat\u00f3munka eredm\u00e9nyek\u00e9nt - olyan projektpartnerekkel, mint a berlini Humboldt Egyetem \u00e9s a Sachsenforst \u00e1llami v\u00e1llalat - kifejlesztettek egy olyan elj\u00e1r\u00e1st, amellyel egy k\u00fcl\u00f6n\u00f6sen er\u0151teljes, gyorsan n\u00f6v\u0151 \u00e9s kl\u00edmastabil hibrid v\u00f6r\u00f6sfeny\u0151t \u00e1ll\u00edtanak el\u0151 in-vitro. <\/span>\n\t\t\t\t\t\t\t\t\t<\/li>\n\t\t\t\t\t\t<\/ul>\n\t\t\t\t\t\t<\/div>\n\t\t\t\t<\/div>\n\t\t\t\t\t<\/div>\n\t\t<\/div>\n\t\t\t\t\t<\/div>\n\t\t<\/section>\n\t\t<div class=\"elementor-element elementor-element-f80baba e-flex e-con-boxed e-con e-parent\" data-id=\"f80baba\" data-element_type=\"container\" data-e-type=\"container\">\n\t\t\t\t\t<div class=\"e-con-inner\">\n\t\t<div class=\"elementor-element elementor-element-743e757 e-con-full e-flex e-con e-child\" data-id=\"743e757\" data-element_type=\"container\" data-e-type=\"container\">\n\t\t\t\t<div class=\"elementor-element elementor-element-28a02bd elementor-icon-list--layout-traditional elementor-list-item-link-full_width elementor-widget elementor-widget-icon-list\" data-id=\"28a02bd\" data-element_type=\"widget\" data-e-type=\"widget\" data-widget_type=\"icon-list.default\">\n\t\t\t\t<div class=\"elementor-widget-container\">\n\t\t\t\t\t\t\t<ul class=\"elementor-icon-list-items\">\n\t\t\t\t\t\t\t<li class=\"elementor-icon-list-item\">\n\t\t\t\t\t\t\t\t\t\t\t<span class=\"elementor-icon-list-icon\">\n\t\t\t\t\t\t\t<svg aria-hidden=\"true\" class=\"e-font-icon-svg e-fas-check\" viewbox=\"0 0 512 512\" xmlns=\"http:\/\/www.w3.org\/2000\/svg\"><path d=\"M173.898 439.404l-166.4-166.4c-9.997-9.997-9.997-26.206 0-36.204l36.203-36.204c9.997-9.998 26.207-9.998 36.204 0L192 312.69 432.095 72.596c9.997-9.997 26.207-9.997 36.204 0l36.203 36.204c9.997 9.997 9.997 26.206 0 36.204l-294.4 294.401c-9.998 9.997-26.207 9.997-36.204-.001z\"><\/path><\/svg>\t\t\t\t\t\t<\/span>\n\t\t\t\t\t\t\t\t\t\t<span class=\"elementor-icon-list-text\">T\u00fcringiai telephely\u00fcnk\u00f6n biztons\u00e1gos munkahelyet k\u00edn\u00e1lunk munkat\u00e1rsainknak, \u00e9s jelent\u0151sen hozz\u00e1j\u00e1rulunk a helyi k\u00f6z\u00f6ss\u00e9g meger\u0151s\u00edt\u00e9s\u00e9hez. <\/span>\n\t\t\t\t\t\t\t\t\t<\/li>\n\t\t\t\t\t\t<\/ul>\n\t\t\t\t\t\t<\/div>\n\t\t\t\t<\/div>\n\t\t\t\t<\/div>\n\t\t<div class=\"elementor-element elementor-element-aa70477 e-con-full animated-slow e-flex elementor-invisible e-con e-child\" data-id=\"aa70477\" data-element_type=\"container\" data-e-type=\"container\" data-settings=\"{&quot;background_background&quot;:&quot;classic&quot;,&quot;animation&quot;:&quot;fadeInRight&quot;,&quot;animation_delay&quot;:200}\">\n\t\t\t\t<div class=\"elementor-element elementor-element-1888c6c elementor-widget elementor-widget-image\" data-id=\"1888c6c\" data-element_type=\"widget\" data-e-type=\"widget\" data-widget_type=\"image.default\">\n\t\t\t\t<div class=\"elementor-widget-container\">\n\t\t\t\t\t\t\t\t\t\t\t\t\t\t\t\t<a href=\"https:\/\/www.tupag.de\/nachhaltigkeit\/energieverbrauch-und-co2-bilanz\" target=\"_blank\">\n\t\t\t\t\t\t\t<img decoding=\"async\" width=\"146\" height=\"70\" src=\"https:\/\/www.vogteier-vogelkirsche.de\/wp-content\/uploads\/2024\/05\/nachhaltigkeit_tupag-1.png\" class=\"attachment-large size-large wp-image-7133\" alt=\"\" srcset=\"https:\/\/www.vogteier-vogelkirsche.de\/wp-content\/uploads\/2024\/05\/nachhaltigkeit_tupag-1.png 146w, https:\/\/www.vogteier-vogelkirsche.de\/wp-content\/uploads\/2024\/05\/nachhaltigkeit_tupag-1-18x9.png 18w\" sizes=\"(max-width: 146px) 100vw, 146px\" \/>\t\t\t\t\t\t\t\t<\/a>\n\t\t\t\t\t\t\t\t\t\t\t\t\t\t\t<\/div>\n\t\t\t\t<\/div>\n\t\t\t\t<div class=\"elementor-element elementor-element-4c1a37b elementor-align-center elementor-widget elementor-widget-button\" data-id=\"4c1a37b\" data-element_type=\"widget\" data-e-type=\"widget\" data-widget_type=\"button.default\">\n\t\t\t\t<div class=\"elementor-widget-container\">\n\t\t\t\t\t\t\t\t\t<div class=\"elementor-button-wrapper\">\n\t\t\t\t\t<a class=\"elementor-button elementor-button-link elementor-size-sm\" href=\"https:\/\/www.tupag.de\/nachhaltigkeit\/energieverbrauch-und-co2-bilanz\" target=\"_blank\">\n\t\t\t\t\t\t<span class=\"elementor-button-content-wrapper\">\n\t\t\t\t\t\t\t\t\t<span class=\"elementor-button-text\">A Tupag-csoport ESG-strat\u00e9gi\u00e1ja<\/span>\n\t\t\t\t\t<\/span>\n\t\t\t\t\t<\/a>\n\t\t\t\t<\/div>\n\t\t\t\t\t\t\t\t<\/div>\n\t\t\t\t<\/div>\n\t\t\t\t<\/div>\n\t\t\t\t\t<\/div>\n\t\t\t\t<\/div>\n\t\t<div class=\"elementor-element elementor-element-46966d6 animated-slow e-flex e-con-boxed elementor-invisible e-con e-parent\" data-id=\"46966d6\" data-element_type=\"container\" data-e-type=\"container\" data-settings=\"{&quot;background_background&quot;:&quot;classic&quot;,&quot;animation&quot;:&quot;fadeIn&quot;}\">\n\t\t\t\t\t<div class=\"e-con-inner\">\n\t\t<div class=\"elementor-element elementor-element-3de648f e-con-full e-flex e-con e-child\" data-id=\"3de648f\" data-element_type=\"container\" data-e-type=\"container\">\n\t\t\t\t<div class=\"elementor-element elementor-element-37bc1f0 elementor-widget elementor-widget-image\" data-id=\"37bc1f0\" data-element_type=\"widget\" data-e-type=\"widget\" data-widget_type=\"image.default\">\n\t\t\t\t<div class=\"elementor-widget-container\">\n\t\t\t\t\t\t\t\t\t\t\t\t\t\t\t<img fetchpriority=\"high\" decoding=\"async\" width=\"400\" height=\"258\" src=\"https:\/\/www.vogteier-vogelkirsche.de\/wp-content\/uploads\/2025\/03\/drLange.jpg\" class=\"attachment-2048x2048 size-2048x2048 wp-image-8935\" alt=\"\" srcset=\"https:\/\/www.vogteier-vogelkirsche.de\/wp-content\/uploads\/2025\/03\/drLange.jpg 400w, https:\/\/www.vogteier-vogelkirsche.de\/wp-content\/uploads\/2025\/03\/drLange-300x194.jpg 300w, https:\/\/www.vogteier-vogelkirsche.de\/wp-content\/uploads\/2025\/03\/drLange-18x12.jpg 18w\" sizes=\"(max-width: 400px) 100vw, 400px\" \/>\t\t\t\t\t\t\t\t\t\t\t\t\t\t\t<\/div>\n\t\t\t\t<\/div>\n\t\t\t\t<div class=\"elementor-element elementor-element-bb028c7 elementor-widget elementor-widget-text-editor\" data-id=\"bb028c7\" data-element_type=\"widget\" data-e-type=\"widget\" data-widget_type=\"text-editor.default\">\n\t\t\t\t<div class=\"elementor-widget-container\">\n\t\t\t\t\t\t\t\t\t<p><em>\u201eSz\u00e1munkra a fenntarthat\u00f3s\u00e1g azt jelenti, hogy tev\u00e9kenys\u00e9g\u00fcnket k\u00f6vetkezetesen \u00f6sszehangoljuk az elismert \u00e9s \u00e9rthet\u0151 \u00f6kol\u00f3giai \u00e9s t\u00e1rsadalmi \u00e9rt\u00e9kekkel. K\u00f6zepes m\u00e9ret\u0171 v\u00e1llalatk\u00e9nt m\u00e9lyen gy\u00f6kerez\u00fcnk a r\u00e9gi\u00f3nkban. Csoportunk vertik\u00e1lis integr\u00e1ci\u00f3j\u00e1val er\u0151s\u00edtj\u00fck a helyi \u00e9rt\u00e9kteremt\u00e9st az\u00e1ltal, hogy termel\u00e9si l\u00e1ncunk jelent\u0151s r\u00e9sz\u00e9t a r\u00e9gi\u00f3ban tartjuk.\u201d<\/em><\/p><p>Dr. Marcus Lange<\/p>\t\t\t\t\t\t\t\t<\/div>\n\t\t\t\t<\/div>\n\t\t\t\t<div class=\"elementor-element elementor-element-28457a1 elementor-widget elementor-widget-text-editor\" data-id=\"28457a1\" data-element_type=\"widget\" data-e-type=\"widget\" data-widget_type=\"text-editor.default\">\n\t\t\t\t<div class=\"elementor-widget-container\">\n\t\t\t\t\t\t\t\t\tA TUPAG Holding AG igazgat\u00f3tan\u00e1cs\u00e1nak eln\u00f6ke \t\t\t\t\t\t\t\t<\/div>\n\t\t\t\t<\/div>\n\t\t\t\t<\/div>\n\t\t<div class=\"elementor-element elementor-element-f4707dd e-con-full e-flex e-con e-child\" data-id=\"f4707dd\" data-element_type=\"container\" data-e-type=\"container\">\n\t\t\t\t<div class=\"elementor-element elementor-element-8051d9c elementor-widget elementor-widget-image\" data-id=\"8051d9c\" data-element_type=\"widget\" data-e-type=\"widget\" data-widget_type=\"image.default\">\n\t\t\t\t<div class=\"elementor-widget-container\">\n\t\t\t\t\t\t\t\t\t\t\t\t\t\t\t<img decoding=\"async\" width=\"400\" height=\"258\" src=\"https:\/\/www.vogteier-vogelkirsche.de\/wp-content\/uploads\/2025\/03\/dr-dembny.jpg\" class=\"attachment-2048x2048 size-2048x2048 wp-image-8934\" alt=\"\" srcset=\"https:\/\/www.vogteier-vogelkirsche.de\/wp-content\/uploads\/2025\/03\/dr-dembny.jpg 400w, https:\/\/www.vogteier-vogelkirsche.de\/wp-content\/uploads\/2025\/03\/dr-dembny-300x194.jpg 300w, https:\/\/www.vogteier-vogelkirsche.de\/wp-content\/uploads\/2025\/03\/dr-dembny-18x12.jpg 18w\" sizes=\"(max-width: 400px) 100vw, 400px\" \/>\t\t\t\t\t\t\t\t\t\t\t\t\t\t\t<\/div>\n\t\t\t\t<\/div>\n\t\t\t\t<div class=\"elementor-element elementor-element-a3ad83b elementor-widget elementor-widget-text-editor\" data-id=\"a3ad83b\" data-element_type=\"widget\" data-e-type=\"widget\" data-widget_type=\"text-editor.default\">\n\t\t\t\t<div class=\"elementor-widget-container\">\n\t\t\t\t\t\t\t\t\t<p><em>\u201eA Baumschulen Oberdorla d\u00f6nt\u0151 szerepet j\u00e1tszik az \u00e9ghajlatv\u00e9delemben. Az olyan ellen\u00e1ll\u00f3 fafajok fenntarthat\u00f3 termeszt\u00e9s\u00e9vel, mint a tit\u00e1n v\u00f6r\u00f6sfeny\u0151, hozz\u00e1j\u00e1rulunk a sz\u00e9n-dioxid megk\u00f6t\u00e9s\u00e9hez. Emellett a r\u00e9gi gy\u00fcm\u00f6lcsfafajok termeszt\u00e9s\u00e9ben \u00e9s meg\u0151rz\u00e9s\u00e9ben szerzett szak\u00e9rtelm\u00fcnk el\u0151seg\u00edti a biol\u00f3giai sokf\u00e9les\u00e9get \u00e9s t\u00e1mogatja az \u00f6kol\u00f3giai stabilit\u00e1st. Ily m\u00f3don az oberdorlai faiskola akt\u00edvan er\u0151s\u00edti term\u00e9szeti er\u0151forr\u00e1saink v\u00e9delm\u00e9t, \u00e9s hozz\u00e1j\u00e1rul a fenntarthat\u00f3 fejl\u0151d\u00e9shez.\u201d<\/em><\/p><p>Dr. Hardy Dembny<\/p>\t\t\t\t\t\t\t\t<\/div>\n\t\t\t\t<\/div>\n\t\t\t\t<div class=\"elementor-element elementor-element-2887c43 elementor-widget elementor-widget-text-editor\" data-id=\"2887c43\" data-element_type=\"widget\" data-e-type=\"widget\" data-widget_type=\"text-editor.default\">\n\t\t\t\t<div class=\"elementor-widget-container\">\n\t\t\t\t\t\t\t\t\t<div class=\"views-field views-field-field-tu-person-chef\">Baumschulen Oberdorla GmbH<\/div>\t\t\t\t\t\t\t\t<\/div>\n\t\t\t\t<\/div>\n\t\t\t\t<\/div>\n\t\t<div class=\"elementor-element elementor-element-a0a401c e-con-full e-flex e-con e-child\" data-id=\"a0a401c\" data-element_type=\"container\" data-e-type=\"container\">\n\t\t\t\t<div class=\"elementor-element elementor-element-b1d78e4 elementor-widget elementor-widget-image\" data-id=\"b1d78e4\" data-element_type=\"widget\" data-e-type=\"widget\" data-widget_type=\"image.default\">\n\t\t\t\t<div class=\"elementor-widget-container\">\n\t\t\t\t\t\t\t\t\t\t\t\t\t\t\t<img loading=\"lazy\" decoding=\"async\" width=\"400\" height=\"258\" src=\"https:\/\/www.vogteier-vogelkirsche.de\/wp-content\/uploads\/2024\/05\/carl_von_carlowitz.png\" class=\"attachment-2048x2048 size-2048x2048 wp-image-6968\" alt=\"\" srcset=\"https:\/\/www.vogteier-vogelkirsche.de\/wp-content\/uploads\/2024\/05\/carl_von_carlowitz.png 400w, https:\/\/www.vogteier-vogelkirsche.de\/wp-content\/uploads\/2024\/05\/carl_von_carlowitz-300x194.png 300w, https:\/\/www.vogteier-vogelkirsche.de\/wp-content\/uploads\/2024\/05\/carl_von_carlowitz-18x12.png 18w\" sizes=\"(max-width: 400px) 100vw, 400px\" \/>\t\t\t\t\t\t\t\t\t\t\t\t\t\t\t<\/div>\n\t\t\t\t<\/div>\n\t\t\t\t<div class=\"elementor-element elementor-element-304eb4e elementor-widget elementor-widget-text-editor\" data-id=\"304eb4e\" data-element_type=\"widget\" data-e-type=\"widget\" data-widget_type=\"text-editor.default\">\n\t\t\t\t<div class=\"elementor-widget-container\">\n\t\t\t\t\t\t\t\t\t<p>1713-ban Hans Carl von Carlowitz Freibergben \u00edrta meg \u201eSylvicultura oeconomica\u201d c\u00edm\u0171 m\u0171v\u00e9t. Tekintettel az erd\u0151k kiirt\u00e1s\u00e1ra, intenz\u00edven foglalkozott az erd\u0151telep\u00edt\u00e9ssel \u00e9s a fenntarthat\u00f3 hasznos\u00edt\u00e1ssal, hogy biztos\u00edtsa a b\u00e1ny\u00e1szat \u00e9s a koh\u00e1szat sz\u00e1m\u00e1ra sz\u00fcks\u00e9ges faanyagot. A gazdas\u00e1gi \u00e9s az \u00f6kol\u00f3giai szempontok m\u00e1r 300 \u00e9vvel ezel\u0151tt is \u00f6sszekapcsol\u00f3dtak, \u00e9s a hozam \u00e9s a fenntarthat\u00f3s\u00e1g nem z\u00e1rta ki egym\u00e1st. \u0150 volt az els\u0151, aki a \u201efenntarthat\u00f3s\u00e1g\u201d kifejez\u00e9st megalkotta.<br \/><br \/><\/p>\t\t\t\t\t\t\t\t<\/div>\n\t\t\t\t<\/div>\n\t\t\t\t<div class=\"elementor-element elementor-element-ed31fdc elementor-widget elementor-widget-text-editor\" data-id=\"ed31fdc\" data-element_type=\"widget\" data-e-type=\"widget\" data-widget_type=\"text-editor.default\">\n\t\t\t\t<div class=\"elementor-widget-container\">\n\t\t\t\t\t\t\t\t\t<div class=\"views-field views-field-field-tu-person-chef\">1645. december 24. \u2013 1714. m\u00e1rcius 3<\/div>\t\t\t\t\t\t\t\t<\/div>\n\t\t\t\t<\/div>\n\t\t\t\t<\/div>\n\t\t\t\t\t<\/div>\n\t\t\t\t<\/div>\n\t\t\t\t<\/div>","protected":false},"excerpt":{"rendered":"<p>Nachhaltigkeit. Ein Vorzeigeprojekt des TUPAG Konzerns ROYAL AVIUM KIRSCHE &#8211; EINE BESONDERS WERTVOLLE, W\u00dcCHSIGE UND KLIMASTABILE VOGELKIRSCHE, DIE AUS IN-VITRO-VERMEHRUNG OHNE JEGLICHE GENTECHNISCHE VER\u00c4NDERUNG IN BELIEBIGER ST\u00dcCKZAHL ZUR VERF\u00dcGUNG STEHT. Nachhaltigkeit im Fokus Als mittelst\u00e4ndisches Unternehmen betrachten wir Nachhaltigkeit als einen zentralen Bestandteil unserer Gesch\u00e4ftspraktiken. Bei der TUPAG sehen wir uns in der Verantwortung, einen [&hellip;]<\/p>\n","protected":false},"author":1,"featured_media":0,"parent":0,"menu_order":0,"comment_status":"closed","ping_status":"closed","template":"template-home.php","meta":{"footnotes":""},"class_list":["post-6831","page","type-page","status-publish","hentry"],"_links":{"self":[{"href":"https:\/\/www.vogteier-vogelkirsche.de\/hu\/wp-json\/wp\/v2\/pages\/6831","targetHints":{"allow":["GET"]}}],"collection":[{"href":"https:\/\/www.vogteier-vogelkirsche.de\/hu\/wp-json\/wp\/v2\/pages"}],"about":[{"href":"https:\/\/www.vogteier-vogelkirsche.de\/hu\/wp-json\/wp\/v2\/types\/page"}],"author":[{"embeddable":true,"href":"https:\/\/www.vogteier-vogelkirsche.de\/hu\/wp-json\/wp\/v2\/users\/1"}],"replies":[{"embeddable":true,"href":"https:\/\/www.vogteier-vogelkirsche.de\/hu\/wp-json\/wp\/v2\/comments?post=6831"}],"version-history":[{"count":226,"href":"https:\/\/www.vogteier-vogelkirsche.de\/hu\/wp-json\/wp\/v2\/pages\/6831\/revisions"}],"predecessor-version":[{"id":9363,"href":"https:\/\/www.vogteier-vogelkirsche.de\/hu\/wp-json\/wp\/v2\/pages\/6831\/revisions\/9363"}],"wp:attachment":[{"href":"https:\/\/www.vogteier-vogelkirsche.de\/hu\/wp-json\/wp\/v2\/media?parent=6831"}],"curies":[{"name":"wp","href":"https:\/\/api.w.org\/{rel}","templated":true}]}}