{"id":5623,"date":"2023-04-04T06:18:54","date_gmt":"2023-04-04T06:18:54","guid":{"rendered":"https:\/\/wptf.themepul.co\/ecofine\/?page_id=500"},"modified":"2025-08-27T10:08:23","modified_gmt":"2025-08-27T08:08:23","slug":"home-2","status":"publish","type":"page","link":"https:\/\/www.vogteier-vogelkirsche.de\/hu\/","title":{"rendered":"Vogelkirsche"},"content":{"rendered":"\t\t<div data-elementor-type=\"wp-page\" data-elementor-id=\"5623\" class=\"elementor elementor-5623\" data-elementor-post-type=\"page\">\n\t\t\t\t<div class=\"elementor-element elementor-element-979d5a4 elementor-hidden-mobile e-flex e-con-boxed e-con e-parent\" data-id=\"979d5a4\" data-element_type=\"container\" data-e-type=\"container\" data-settings=\"{&quot;background_background&quot;:&quot;video&quot;,&quot;background_video_link&quot;:&quot;https:\\\/\\\/youtu.be\\\/iBWNljYM7jE?feature=shared&quot;}\">\n\t\t\t\t\t<div class=\"e-con-inner\">\n\t\t<div class=\"elementor-background-video-container elementor-hidden-mobile\">\n\t\t\t\t\t\t\t<div class=\"elementor-background-video-embed\" role=\"presentation\"><\/div>\n\t\t\t\t\t\t<\/div>\t\t<div class=\"elementor-element elementor-element-d44a264 animated-slow elementor-invisible elementor-widget elementor-widget-text-editor\" data-id=\"d44a264\" data-element_type=\"widget\" data-e-type=\"widget\" data-settings=\"{&quot;_animation&quot;:&quot;fadeIn&quot;}\" data-widget_type=\"text-editor.default\">\n\t\t\t\t<div class=\"elementor-widget-container\">\n\t\t\t\t\t\t\t\t\t<p>DIE ZUKUNFT DES WALDES BEGINNT HIER UND HEUTE.<\/p>\t\t\t\t\t\t\t\t<\/div>\n\t\t\t\t<\/div>\n\t\t\t\t<div class=\"elementor-element elementor-element-0a39792 animated-slow elementor-invisible elementor-widget elementor-widget-heading\" data-id=\"0a39792\" data-element_type=\"widget\" data-e-type=\"widget\" data-settings=\"{&quot;_animation&quot;:&quot;fadeIn&quot;}\" data-widget_type=\"heading.default\">\n\t\t\t\t<div class=\"elementor-widget-container\">\n\t\t\t\t\t<h2 class=\"elementor-heading-title elementor-size-default\">ROYAL <span style=\"color: #C42C34\">AVIUM<\/span><br>Vogteier Vogelkirsche<\/h2>\t\t\t\t<\/div>\n\t\t\t\t<\/div>\n\t\t\t\t<div class=\"elementor-element elementor-element-5e13f7f animated-slow elementor-invisible elementor-widget elementor-widget-text-editor\" data-id=\"5e13f7f\" data-element_type=\"widget\" data-e-type=\"widget\" data-settings=\"{&quot;_animation&quot;:&quot;fadeIn&quot;}\" data-widget_type=\"text-editor.default\">\n\t\t\t\t<div class=\"elementor-widget-container\">\n\t\t\t\t\t\t\t\t\t<p>Die Vogelkirsche verbindet\u00a0relativ schnelles Wachstum mit wertvollen Holzeigenschaften, steigert die Artenvielfalt<br \/>und tr\u00e4gt zu einem lebendigeren Landschaftsbild bei.<\/p>\t\t\t\t\t\t\t\t<\/div>\n\t\t\t\t<\/div>\n\t\t\t\t\t<\/div>\n\t\t\t\t<\/div>\n\t\t<div class=\"elementor-element elementor-element-17007fa elementor-hidden-mobile e-flex e-con-boxed e-con e-parent\" data-id=\"17007fa\" data-element_type=\"container\" data-e-type=\"container\" data-settings=\"{&quot;background_background&quot;:&quot;classic&quot;}\">\n\t\t\t\t\t<div class=\"e-con-inner\">\n\t\t\t\t\t<\/div>\n\t\t\t\t<\/div>\n\t\t<div class=\"elementor-element elementor-element-a916280 elementor-hidden-desktop elementor-hidden-tablet e-flex e-con-boxed e-con e-parent\" data-id=\"a916280\" data-element_type=\"container\" data-e-type=\"container\" data-settings=\"{&quot;background_background&quot;:&quot;classic&quot;}\">\n\t\t\t\t\t<div class=\"e-con-inner\">\n\t\t\t\t<div class=\"elementor-element elementor-element-976549a animated-slow elementor-invisible elementor-widget elementor-widget-text-editor\" data-id=\"976549a\" data-element_type=\"widget\" data-e-type=\"widget\" data-settings=\"{&quot;_animation&quot;:&quot;fadeIn&quot;}\" data-widget_type=\"text-editor.default\">\n\t\t\t\t<div class=\"elementor-widget-container\">\n\t\t\t\t\t\t\t\t\t<p>DIE ZUKUNFT DES WALDES BEGINNT HIER UND HEUTE.<\/p>\t\t\t\t\t\t\t\t<\/div>\n\t\t\t\t<\/div>\n\t\t\t\t<div class=\"elementor-element elementor-element-e1d25b2 animated-slow elementor-invisible elementor-widget elementor-widget-heading\" data-id=\"e1d25b2\" data-element_type=\"widget\" data-e-type=\"widget\" data-settings=\"{&quot;_animation&quot;:&quot;fadeIn&quot;}\" data-widget_type=\"heading.default\">\n\t\t\t\t<div class=\"elementor-widget-container\">\n\t\t\t\t\t<h2 class=\"elementor-heading-title elementor-size-default\">ROYAL <span style=\"color: #C42C34\">AVIUM<\/span><br>Vogteier Vogelkirsche<\/h2>\t\t\t\t<\/div>\n\t\t\t\t<\/div>\n\t\t\t\t<div class=\"elementor-element elementor-element-ba55031 animated-slow elementor-invisible elementor-widget elementor-widget-text-editor\" data-id=\"ba55031\" data-element_type=\"widget\" data-e-type=\"widget\" data-settings=\"{&quot;_animation&quot;:&quot;fadeIn&quot;}\" data-widget_type=\"text-editor.default\">\n\t\t\t\t<div class=\"elementor-widget-container\">\n\t\t\t\t\t\t\t\t\t<p>Die Vogelkirsche verbindet relativ schnelles Wachstum mit wertvollen Holzeigenschaften, steigert die Artenvielfalt und tr\u00e4gt zu einem lebendigeren Landschaftsbild bei.<\/p>\t\t\t\t\t\t\t\t<\/div>\n\t\t\t\t<\/div>\n\t\t\t\t\t<\/div>\n\t\t\t\t<\/div>\n\t\t<div class=\"elementor-element elementor-element-fff25a8 elementor-hidden-desktop elementor-hidden-tablet e-flex e-con-boxed e-con e-parent\" data-id=\"fff25a8\" data-element_type=\"container\" data-e-type=\"container\" data-settings=\"{&quot;background_background&quot;:&quot;classic&quot;}\">\n\t\t\t\t\t<div class=\"e-con-inner\">\n\t\t\t\t\t<\/div>\n\t\t\t\t<\/div>\n\t\t<div class=\"elementor-element elementor-element-852b325 elementor-hidden-mobile e-flex e-con-boxed elementor-invisible e-con e-parent\" data-id=\"852b325\" data-element_type=\"container\" data-e-type=\"container\" data-settings=\"{&quot;background_background&quot;:&quot;classic&quot;,&quot;animation&quot;:&quot;fadeIn&quot;}\">\n\t\t\t\t\t<div class=\"e-con-inner\">\n\t\t<div class=\"elementor-element elementor-element-5779e0c e-con-full e-flex e-con e-child\" data-id=\"5779e0c\" data-element_type=\"container\" data-e-type=\"container\">\n\t\t<div class=\"elementor-element elementor-element-30aad6d e-con-full e-flex e-con e-child\" data-id=\"30aad6d\" data-element_type=\"container\" data-e-type=\"container\">\n\t\t\t\t<div class=\"elementor-element elementor-element-078a319 elementor-widget elementor-widget-image\" data-id=\"078a319\" data-element_type=\"widget\" data-e-type=\"widget\" data-widget_type=\"image.default\">\n\t\t\t\t<div class=\"elementor-widget-container\">\n\t\t\t\t\t\t\t\t\t\t\t\t\t\t\t<img fetchpriority=\"high\" decoding=\"async\" width=\"400\" height=\"600\" src=\"https:\/\/www.vogteier-vogelkirsche.de\/wp-content\/uploads\/2024\/06\/lichtenstein-54.jpg\" class=\"attachment-large size-large wp-image-7526\" alt=\"\" srcset=\"https:\/\/www.vogteier-vogelkirsche.de\/wp-content\/uploads\/2024\/06\/lichtenstein-54.jpg 400w, https:\/\/www.vogteier-vogelkirsche.de\/wp-content\/uploads\/2024\/06\/lichtenstein-54-200x300.jpg 200w, https:\/\/www.vogteier-vogelkirsche.de\/wp-content\/uploads\/2024\/06\/lichtenstein-54-8x12.jpg 8w\" sizes=\"(max-width: 400px) 100vw, 400px\" \/>\t\t\t\t\t\t\t\t\t\t\t\t\t\t\t<\/div>\n\t\t\t\t<\/div>\n\t\t\t\t<\/div>\n\t\t<div class=\"elementor-element elementor-element-c1d4034 e-con-full e-flex e-con e-child\" data-id=\"c1d4034\" data-element_type=\"container\" data-e-type=\"container\">\n\t\t\t\t<div class=\"elementor-element elementor-element-417bec7 elementor-widget__width-initial elementor-absolute animated-slow e-transform elementor-invisible elementor-widget elementor-widget-image\" data-id=\"417bec7\" data-element_type=\"widget\" data-e-type=\"widget\" data-settings=\"{&quot;_position&quot;:&quot;absolute&quot;,&quot;_animation&quot;:&quot;fadeIn&quot;,&quot;_transform_skewX_effect&quot;:{&quot;unit&quot;:&quot;px&quot;,&quot;size&quot;:&quot;&quot;,&quot;sizes&quot;:[]},&quot;_transform_skewX_effect_tablet&quot;:{&quot;unit&quot;:&quot;deg&quot;,&quot;size&quot;:&quot;&quot;,&quot;sizes&quot;:[]},&quot;_transform_skewX_effect_mobile&quot;:{&quot;unit&quot;:&quot;deg&quot;,&quot;size&quot;:&quot;&quot;,&quot;sizes&quot;:[]},&quot;_transform_skewY_effect&quot;:{&quot;unit&quot;:&quot;px&quot;,&quot;size&quot;:&quot;&quot;,&quot;sizes&quot;:[]},&quot;_transform_skewY_effect_tablet&quot;:{&quot;unit&quot;:&quot;deg&quot;,&quot;size&quot;:&quot;&quot;,&quot;sizes&quot;:[]},&quot;_transform_skewY_effect_mobile&quot;:{&quot;unit&quot;:&quot;deg&quot;,&quot;size&quot;:&quot;&quot;,&quot;sizes&quot;:[]}}\" data-widget_type=\"image.default\">\n\t\t\t\t<div class=\"elementor-widget-container\">\n\t\t\t\t\t\t\t\t\t\t\t\t\t\t\t<img decoding=\"async\" width=\"150\" height=\"150\" src=\"https:\/\/www.vogteier-vogelkirsche.de\/wp-content\/uploads\/2025\/03\/Cherry-Flower-150x150.png\" class=\"attachment-thumbnail size-thumbnail wp-image-9002\" alt=\"\" srcset=\"https:\/\/www.vogteier-vogelkirsche.de\/wp-content\/uploads\/2025\/03\/Cherry-Flower-150x150.png 150w, https:\/\/www.vogteier-vogelkirsche.de\/wp-content\/uploads\/2025\/03\/Cherry-Flower-300x300.png 300w, https:\/\/www.vogteier-vogelkirsche.de\/wp-content\/uploads\/2025\/03\/Cherry-Flower-768x768.png 768w, https:\/\/www.vogteier-vogelkirsche.de\/wp-content\/uploads\/2025\/03\/Cherry-Flower-12x12.png 12w, https:\/\/www.vogteier-vogelkirsche.de\/wp-content\/uploads\/2025\/03\/Cherry-Flower-700x700.png 700w, https:\/\/www.vogteier-vogelkirsche.de\/wp-content\/uploads\/2025\/03\/Cherry-Flower.png 1000w\" sizes=\"(max-width: 150px) 100vw, 150px\" \/>\t\t\t\t\t\t\t\t\t\t\t\t\t\t\t<\/div>\n\t\t\t\t<\/div>\n\t\t\t\t<div class=\"elementor-element elementor-element-c608760 animated-slow elementor-invisible elementor-widget elementor-widget-ecofinecore_about\" data-id=\"c608760\" data-element_type=\"widget\" data-e-type=\"widget\" data-settings=\"{&quot;_animation&quot;:&quot;fadeIn&quot;}\" data-widget_type=\"ecofinecore_about.default\">\n\t\t\t\t<div class=\"elementor-widget-container\">\n\t\t\t\t\t        <div class=\"about-section-wraper\">\n            <div class=\"container\">\n            <div class=\"about_content \">\n                <div class=\"about-item\">\n                 <h4 class=\"about-small-stitle\"> Nachhaltigkeit! <\/h4>                 <h2 class=\"about-title\"> Die Vogelkirsche im Wandel. <\/h2>                                 <\/div>\n                                            <\/div>\n        <\/div>\n        <\/div>\n        \t\t\t\t<\/div>\n\t\t\t\t<\/div>\n\t\t\t\t<div class=\"elementor-element elementor-element-a7e0fee elementor-widget elementor-widget-text-editor\" data-id=\"a7e0fee\" data-element_type=\"widget\" data-e-type=\"widget\" data-widget_type=\"text-editor.default\">\n\t\t\t\t<div class=\"elementor-widget-container\">\n\t\t\t\t\t\t\t\t\t<p>Der Klimawandel stellt die W\u00e4lder vor erhebliche Herausforderungen, von denen eine Reihe von einheimischen Baumarten nicht unber\u00fchrt bleibt. Eine Baumart, die dagegen vor allem von h\u00f6heren Temperaturen profitieren kann, ist die Vogelkirsche (Prunus avium L.). Sie ist in ganz Deutschland nat\u00fcrlich verbreitet und bevorzugt in der Hauptsache die warmen Lagen des H\u00fcgellandes und der unteren Berglagen. Unter den bisherigen Klimabedingungen kommt die Vogelkirsche als Lichtbaumart in geringen Anteilen beigemischt in w\u00e4rmeliebenden Laub- und Nadelmischw\u00e4ldern aus Eiche, Buche, Hainbuche, Linde oder Kiefer vor. Im Vergleich zu Eiche und Buche w\u00e4chst sie bis zum 40. Lebensjahr sehr schnell und produziert ein wertvolles, attraktives Holz. Die Vogelkirsche hat sich bisher als tolerant gegen\u00fcber Hitze und Trockenheit erwiesen.\u00a0 \u00a0<\/p><p>Die Leistungen von W\u00e4ldern wie die Rohholzproduktion, die Klimaschutz-, Erholungs- und Naturschutzleistungen auf Dauer zu bewahren, ist ein wesentliches Ziel der Wald- und Forstwirtschaft im Zuge des Klimawandels. Eine besondere Rolle spielen hierbei die Kohlenstoff-Speicherf\u00e4higkeit und die F\u00e4higkeit von W\u00e4ldern, die Anspr\u00fcche von Gesellschaft und Wirtschaft weiterhin im gewohnten Umfang bedienen zu k\u00f6nnen.<\/p>\t\t\t\t\t\t\t\t<\/div>\n\t\t\t\t<\/div>\n\t\t\t\t<\/div>\n\t\t\t\t<\/div>\n\t\t\t\t<div class=\"elementor-element elementor-element-26167c8 elementor-widget elementor-widget-text-editor\" data-id=\"26167c8\" data-element_type=\"widget\" data-e-type=\"widget\" data-widget_type=\"text-editor.default\">\n\t\t\t\t<div class=\"elementor-widget-container\">\n\t\t\t\t\t\t\t\t\t<p>Dabei kommt der Vogelkirsche eine wachsende Bedeutung zu. Sie bietet neben ihren wirtschaftlich hochinteressanten Wachstums- und Holzeigenschaften unter anderem Lebensraum f\u00fcr K\u00e4fer- und Pilzarten, Nahrung f\u00fcr fruchtfressende Vogelarten oder f\u00fcr bl\u00fctenbest\u00e4ubende Insekten. Die Vogelkirsche leistet somit einen wichtigen Beitrag zur Erh\u00f6hung der Artenvielfalt im \u00d6kosystem Wald. Die auff\u00e4llige Bl\u00fcte im Fr\u00fchjahr und die F\u00e4rbung der Bl\u00e4tter im Herbst bereichern die Landschaft und sind ein nicht zu untersch\u00e4tzender \u00e4sthetischer Aspekt.<\/p>\t\t\t\t\t\t\t\t<\/div>\n\t\t\t\t<\/div>\n\t\t\t\t<div class=\"elementor-element elementor-element-d2c9c2c elementor-align-right elementor-widget elementor-widget-button\" data-id=\"d2c9c2c\" data-element_type=\"widget\" data-e-type=\"widget\" data-widget_type=\"button.default\">\n\t\t\t\t<div class=\"elementor-widget-container\">\n\t\t\t\t\t\t\t\t\t<div class=\"elementor-button-wrapper\">\n\t\t\t\t\t<a class=\"elementor-button elementor-button-link elementor-size-sm\" href=\"https:\/\/www.vogteier-vogelkirsche.de\/mission\/\">\n\t\t\t\t\t\t<span class=\"elementor-button-content-wrapper\">\n\t\t\t\t\t\t\t\t\t<span class=\"elementor-button-text\">Mission<\/span>\n\t\t\t\t\t<\/span>\n\t\t\t\t\t<\/a>\n\t\t\t\t<\/div>\n\t\t\t\t\t\t\t\t<\/div>\n\t\t\t\t<\/div>\n\t\t\t\t\t<\/div>\n\t\t\t\t<\/div>\n\t\t\t\t<section class=\"elementor-section elementor-top-section elementor-element elementor-element-568ceb6 elementor-section-boxed elementor-section-height-default elementor-section-height-default\" data-id=\"568ceb6\" data-element_type=\"section\" data-e-type=\"section\" data-settings=\"{&quot;background_background&quot;:&quot;classic&quot;}\">\n\t\t\t\t\t\t<div class=\"elementor-container elementor-column-gap-no\">\n\t\t\t\t\t<div class=\"elementor-column elementor-col-100 elementor-top-column elementor-element elementor-element-2336469\" data-id=\"2336469\" data-element_type=\"column\" data-e-type=\"column\">\n\t\t\t<div class=\"elementor-widget-wrap elementor-element-populated\">\n\t\t\t\t\t\t<div class=\"elementor-element elementor-element-2dee363 elementor-widget elementor-widget-heading\" data-id=\"2dee363\" data-element_type=\"widget\" data-e-type=\"widget\" data-widget_type=\"heading.default\">\n\t\t\t\t<div class=\"elementor-widget-container\">\n\t\t\t\t\t<h3 class=\"elementor-heading-title elementor-size-default\">VOGTEIER-VOGELKIRSCHE - VORTEILE<\/h3>\t\t\t\t<\/div>\n\t\t\t\t<\/div>\n\t\t\t\t<div class=\"elementor-element elementor-element-1adebc2 elementor-widget elementor-widget-heading\" data-id=\"1adebc2\" data-element_type=\"widget\" data-e-type=\"widget\" data-widget_type=\"heading.default\">\n\t\t\t\t<div class=\"elementor-widget-container\">\n\t\t\t\t\t<h2 class=\"elementor-heading-title elementor-size-default\">ROYAL <span style=\"color: #C42C34\">AVIUM<\/span><\/h2>\t\t\t\t<\/div>\n\t\t\t\t<\/div>\n\t\t\t\t<div class=\"elementor-element elementor-element-64141d7 animated-slow elementor-invisible elementor-widget elementor-widget-text-editor\" data-id=\"64141d7\" data-element_type=\"widget\" data-e-type=\"widget\" data-settings=\"{&quot;_animation&quot;:&quot;fadeIn&quot;}\" data-widget_type=\"text-editor.default\">\n\t\t\t\t<div class=\"elementor-widget-container\">\n\t\t\t\t\t\t\t\t\t<div class=\"flex flex-grow flex-col max-w-full\"><div class=\"min-h-[20px] text-message flex flex-col items-start gap-3 whitespace-pre-wrap break-words [.text-message+&amp;]:mt-5 overflow-x-auto\" dir=\"auto\" data-message-author-role=\"assistant\" data-message-id=\"7c629b6d-e801-4c9b-9bf7-4f68d4e08432\"><div class=\"markdown prose w-full break-words dark:prose-invert light\">Die ROYAL AVIUM Vogteier Vogelkirsche gewinnt als wertvolle Baumart in der Forstwirtschaft immer mehr an Bedeutung. Ihr Anbau erm\u00f6glicht es, hochwertige Holzertr\u00e4ge mit \u00f6kologischen Vorteilen zu vereinen. Innerhalb von 30 &#8211; 40 Jahren liefert sie nicht nur erstklassiges Holz, sondern tr\u00e4gt auch zur Steigerung der Baumartenvielfalt, zur Schaffung neuer Lebensr\u00e4ume und zur Bereicherung des Landschaftsbildes bei.<\/div><div>\u00a0<\/div><div class=\"markdown prose w-full break-words dark:prose-invert light\">Die Anpflanzung von Vogelkirschen aus einer Klonkollektion bietet mehrere Vorteile:<\/div><\/div><\/div>\t\t\t\t\t\t\t\t<\/div>\n\t\t\t\t<\/div>\n\t\t\t\t<div class=\"elementor-element elementor-element-1969f05 animated-slow elementor-widget__width-initial elementor-invisible elementor-widget elementor-widget-eco_eco-v2\" data-id=\"1969f05\" data-element_type=\"widget\" data-e-type=\"widget\" data-settings=\"{&quot;_animation&quot;:&quot;fadeIn&quot;}\" data-widget_type=\"eco_eco-v2.default\">\n\t\t\t\t<div class=\"elementor-widget-container\">\n\t\t\t\t\t        <div class=\"ecofine_list-wrapper\">\n            <div class=\"container\">\n                <div class=\"row \">\n                                            <div class=\"col-xl-12 col-lg-12 col-md-12 col-12\">\n                            <div class=\"Eco-list-box \">\n                                <div class=\" eco-icon-list\">\n                                    <div class=\"eco-list-icon\">\n                                        <i aria-hidden=\"true\" class=\"bi bi-check-lg\"><\/i>                                    <\/div>\n                                <\/div>\n                                <div class=\"list-content-area\">\n\t\t\t\t\t\t\t\t\t \t\t\t\t\t\t\t\t\t\t<h3 class=\"list-title\"> \n\t\t\t\t\t\t\t\t\t\t\t\t\t\t\t\t\t\t\t\t\t\tROBUST UND ANPASSUNGSF\u00c4HIG: Die ROYAL AVIUM ist besonders widerstandsf\u00e4hig,  was sie zu einer idealen Wahl f\u00fcr  unterschiedlichste Standorte macht.\t\t\t\t\t\t\t\t\t\t\t\t\t\t\t\t\t\t\t\t\t<\/h3>\n\t\t\t\t\t\t\t\t \t\t\t\t\t\t\t\t\t\t                                <\/div>\n                            <\/div>\n                        <\/div>\n                                            <div class=\"col-xl-12 col-lg-12 col-md-12 col-12\">\n                            <div class=\"Eco-list-box \">\n                                <div class=\" eco-icon-list\">\n                                    <div class=\"eco-list-icon\">\n                                        <i aria-hidden=\"true\" class=\"bi bi-check-lg\"><\/i>                                    <\/div>\n                                <\/div>\n                                <div class=\"list-content-area\">\n\t\t\t\t\t\t\t\t\t \t\t\t\t\t\t\t\t\t\t<h3 class=\"list-title\"> \n\t\t\t\t\t\t\t\t\t\t\t\t\t\t\t\t\t\t\t\t\t\tF\u00d6RDERUNG DER BIODIVERSIT\u00c4T:  Diese Baumart bietet Nahrung und  Lebensraum f\u00fcr zahlreiche V\u00f6gel und  Insekten und tr\u00e4gt so zur Erhaltung  der Artenvielfalt bei.\t\t\t\t\t\t\t\t\t\t\t\t\t\t\t\t\t\t\t\t\t<\/h3>\n\t\t\t\t\t\t\t\t \t\t\t\t\t\t\t\t\t\t                                <\/div>\n                            <\/div>\n                        <\/div>\n                                            <div class=\"col-xl-12 col-lg-12 col-md-12 col-12\">\n                            <div class=\"Eco-list-box \">\n                                <div class=\" eco-icon-list\">\n                                    <div class=\"eco-list-icon\">\n                                        <i aria-hidden=\"true\" class=\"bi bi-check-lg\"><\/i>                                    <\/div>\n                                <\/div>\n                                <div class=\"list-content-area\">\n\t\t\t\t\t\t\t\t\t \t\t\t\t\t\t\t\t\t\t<h3 class=\"list-title\"> \n\t\t\t\t\t\t\t\t\t\t\t\t\t\t\t\t\t\t\t\t\t\tSCHNELLE WERTHOLZPRODUKTION:  Diese Vogteier Vogelkirsche produziert in kurzer  Zeit gefragtes Edellaubwertholz, welches sich hervorragend f\u00fcr die Herstellung von Massivholzm\u00f6beln und Furnier  eignet. \t\t\t\t\t\t\t\t\t\t\t\t\t\t\t\t\t\t\t\t\t<\/h3>\n\t\t\t\t\t\t\t\t \t\t\t\t\t\t\t\t\t\t                                <\/div>\n                            <\/div>\n                        <\/div>\n                                            <div class=\"col-xl-12 col-lg-12 col-md-12 col-12\">\n                            <div class=\"Eco-list-box \">\n                                <div class=\" eco-icon-list\">\n                                    <div class=\"eco-list-icon\">\n                                        <i aria-hidden=\"true\" class=\"bi bi-check-lg\"><\/i>                                    <\/div>\n                                <\/div>\n                                <div class=\"list-content-area\">\n\t\t\t\t\t\t\t\t\t \t\t\t\t\t\t\t\t\t\t<h3 class=\"list-title\"> \n\t\t\t\t\t\t\t\t\t\t\t\t\t\t\t\t\t\t\t\t\t\tIN-VITRO ERZEUGT: Erm\u00f6glicht witterungsunabh\u00e4ngige und gesicherte  Bereitstellung  hochwertiger Forstpflanzen. \t\t\t\t\t\t\t\t\t\t\t\t\t\t\t\t\t\t\t\t\t<\/h3>\n\t\t\t\t\t\t\t\t \t\t\t\t\t\t\t\t\t\t                                <\/div>\n                            <\/div>\n                        <\/div>\n                                            <div class=\"col-xl-12 col-lg-12 col-md-12 col-12\">\n                            <div class=\"Eco-list-box \">\n                                <div class=\" eco-icon-list\">\n                                    <div class=\"eco-list-icon\">\n                                        <i aria-hidden=\"true\" class=\"bi bi-check-lg\"><\/i>                                    <\/div>\n                                <\/div>\n                                <div class=\"list-content-area\">\n\t\t\t\t\t\t\t\t\t \t\t\t\t\t\t\t\t\t\t<h3 class=\"list-title\"> \n\t\t\t\t\t\t\t\t\t\t\t\t\t\t\t\t\t\t\t\t\t\tGEEIGNET F\u00dcR VORWALD: Ideal als Pioniergeh\u00f6lz f\u00fcr den Vorwaldanbau, Agroforst und  Randbepflanzungen sowie L\u00fcckenschluss,  um die Bodenqualit\u00e4t zu verbessern und die  Ansiedlung weiterer Baumarten zu f\u00f6rdern.\t\t\t\t\t\t\t\t\t\t\t\t\t\t\t\t\t\t\t\t\t<\/h3>\n\t\t\t\t\t\t\t\t \t\t\t\t\t\t\t\t\t\t                                <\/div>\n                            <\/div>\n                        <\/div>\n                                            <div class=\"col-xl-12 col-lg-12 col-md-12 col-12\">\n                            <div class=\"Eco-list-box \">\n                                <div class=\" eco-icon-list\">\n                                    <div class=\"eco-list-icon\">\n                                        <i aria-hidden=\"true\" class=\"bi bi-check-lg\"><\/i>                                    <\/div>\n                                <\/div>\n                                <div class=\"list-content-area\">\n\t\t\t\t\t\t\t\t\t \t\t\t\t\t\t\t\t\t\t<h3 class=\"list-title\"> \n\t\t\t\t\t\t\t\t\t\t\t\t\t\t\t\t\t\t\t\t\t\tBESTE SEKTION AUS SACHSEN: Hervorragende Qualit\u00e4t und optimale Anpassung an regionale Bedingungen.\t\t\t\t\t\t\t\t\t\t\t\t\t\t\t\t\t\t\t\t\t<\/h3>\n\t\t\t\t\t\t\t\t \t\t\t\t\t\t\t\t\t\t                                <\/div>\n                            <\/div>\n                        <\/div>\n                                    <\/div>\n            <\/div>\n        <\/div>\n    \t\t\t\t<\/div>\n\t\t\t\t<\/div>\n\t\t\t\t\t<\/div>\n\t\t<\/div>\n\t\t\t\t\t<\/div>\n\t\t<\/section>\n\t\t<div class=\"elementor-element elementor-element-becf86e e-flex e-con-boxed e-con e-parent\" data-id=\"becf86e\" data-element_type=\"container\" data-e-type=\"container\">\n\t\t\t\t\t<div class=\"e-con-inner\">\n\t\t<div class=\"elementor-element elementor-element-8d7b21a e-con-full e-flex e-con e-child\" data-id=\"8d7b21a\" data-element_type=\"container\" data-e-type=\"container\">\n\t\t\t\t<div class=\"elementor-element elementor-element-c765c19 animated-slow elementor-invisible elementor-widget elementor-widget-text-editor\" data-id=\"c765c19\" data-element_type=\"widget\" data-e-type=\"widget\" data-settings=\"{&quot;_animation&quot;:&quot;fadeIn&quot;}\" data-widget_type=\"text-editor.default\">\n\t\t\t\t<div class=\"elementor-widget-container\">\n\t\t\t\t\t\t\t\t\t<p style=\"text-align: center;\"><em>\u201eWir haben was zu gewinnen, wenn wir uns entschlossen um die W\u00e4lder k\u00fcmmern. Wir m\u00fcssen die W\u00e4lder stark und stabil machen, damit sie uns sch\u00fctzen k\u00f6nnen. Unsere W\u00e4lder sind unsere wichtigsten Mitstreiter bei der Bew\u00e4ltigung der Klimakrise.\u201c<\/em><\/p>\t\t\t\t\t\t\t\t<\/div>\n\t\t\t\t<\/div>\n\t\t\t\t<\/div>\n\t\t\t\t\t<\/div>\n\t\t\t\t<\/div>\n\t\t<div class=\"elementor-element elementor-element-81c13b8 e-flex e-con-boxed e-con e-parent\" data-id=\"81c13b8\" data-element_type=\"container\" data-e-type=\"container\">\n\t\t\t\t\t<div class=\"e-con-inner\">\n\t\t<div class=\"elementor-element elementor-element-78d0cbc e-con-full e-flex e-con e-child\" data-id=\"78d0cbc\" data-element_type=\"container\" data-e-type=\"container\">\n\t\t\t\t<div class=\"elementor-element elementor-element-365ab07 elementor-widget elementor-widget-text-editor\" data-id=\"365ab07\" data-element_type=\"widget\" data-e-type=\"widget\" data-widget_type=\"text-editor.default\">\n\t\t\t\t<div class=\"elementor-widget-container\">\n\t\t\t\t\t\t\t\t\t<p style=\"text-align: right;\">Auszug Grundsatzrede zur Waldpolitik 2023 &#8211; <br \/>Bundesminister f\u00fcr Ern\u00e4hrung und Landwirtschaft<\/p>\t\t\t\t\t\t\t\t<\/div>\n\t\t\t\t<\/div>\n\t\t\t\t<\/div>\n\t\t\t\t\t<\/div>\n\t\t\t\t<\/div>\n\t\t\t\t<\/div>\n\t\t","protected":false},"excerpt":{"rendered":"<p>DIE ZUKUNFT DES WALDES BEGINNT HIER UND HEUTE. ROYAL AVIUMVogteier Vogelkirsche Die Vogelkirsche verbindet\u00a0relativ schnelles Wachstum mit wertvollen Holzeigenschaften, steigert die Artenvielfaltund tr\u00e4gt zu einem lebendigeren Landschaftsbild bei. DIE ZUKUNFT DES WALDES BEGINNT HIER UND HEUTE. ROYAL AVIUMVogteier Vogelkirsche Die Vogelkirsche verbindet relativ schnelles Wachstum mit wertvollen Holzeigenschaften, steigert die Artenvielfalt und tr\u00e4gt zu einem [&hellip;]<\/p>\n","protected":false},"author":1,"featured_media":0,"parent":0,"menu_order":0,"comment_status":"closed","ping_status":"closed","template":"template-home.php","meta":{"footnotes":""},"class_list":["post-5623","page","type-page","status-publish","hentry"],"_links":{"self":[{"href":"https:\/\/www.vogteier-vogelkirsche.de\/hu\/wp-json\/wp\/v2\/pages\/5623","targetHints":{"allow":["GET"]}}],"collection":[{"href":"https:\/\/www.vogteier-vogelkirsche.de\/hu\/wp-json\/wp\/v2\/pages"}],"about":[{"href":"https:\/\/www.vogteier-vogelkirsche.de\/hu\/wp-json\/wp\/v2\/types\/page"}],"author":[{"embeddable":true,"href":"https:\/\/www.vogteier-vogelkirsche.de\/hu\/wp-json\/wp\/v2\/users\/1"}],"replies":[{"embeddable":true,"href":"https:\/\/www.vogteier-vogelkirsche.de\/hu\/wp-json\/wp\/v2\/comments?post=5623"}],"version-history":[{"count":1044,"href":"https:\/\/www.vogteier-vogelkirsche.de\/hu\/wp-json\/wp\/v2\/pages\/5623\/revisions"}],"predecessor-version":[{"id":9371,"href":"https:\/\/www.vogteier-vogelkirsche.de\/hu\/wp-json\/wp\/v2\/pages\/5623\/revisions\/9371"}],"wp:attachment":[{"href":"https:\/\/www.vogteier-vogelkirsche.de\/hu\/wp-json\/wp\/v2\/media?parent=5623"}],"curies":[{"name":"wp","href":"https:\/\/api.w.org\/{rel}","templated":true}]}}