{"id":7863,"date":"2024-06-18T14:51:40","date_gmt":"2024-06-18T12:51:40","guid":{"rendered":"https:\/\/www.vogteier-vogelkirsche.de\/?page_id=7863"},"modified":"2024-08-24T19:58:10","modified_gmt":"2024-08-24T17:58:10","slug":"news","status":"publish","type":"page","link":"https:\/\/www.vogteier-vogelkirsche.de\/en\/news\/","title":{"rendered":"NEWS"},"content":{"rendered":"<div data-elementor-type=\"wp-page\" data-elementor-id=\"7863\" class=\"elementor elementor-7863\" data-elementor-post-type=\"page\">\n\t\t\t\t\t\t<section class=\"elementor-section elementor-top-section elementor-element elementor-element-12b2f9c elementor-section-full_width elementor-hidden-mobile elementor-section-height-default elementor-section-height-default\" data-id=\"12b2f9c\" data-element_type=\"section\" data-e-type=\"section\" data-settings=\"{&quot;background_background&quot;:&quot;classic&quot;}\">\n\t\t\t\t\t\t<div class=\"elementor-container elementor-column-gap-no\">\n\t\t\t\t\t<div class=\"elementor-column elementor-col-100 elementor-top-column elementor-element elementor-element-05236f9\" data-id=\"05236f9\" data-element_type=\"column\" data-e-type=\"column\" data-settings=\"{&quot;background_background&quot;:&quot;classic&quot;}\">\n\t\t\t<div class=\"elementor-widget-wrap elementor-element-populated\">\n\t\t\t\t\t\t<div class=\"elementor-element elementor-element-cdab136 animated-slow elementor-invisible elementor-widget elementor-widget-heading\" data-id=\"cdab136\" data-element_type=\"widget\" data-e-type=\"widget\" data-settings=\"{&quot;_animation&quot;:&quot;fadeIn&quot;}\" data-widget_type=\"heading.default\">\n\t\t\t\t<div class=\"elementor-widget-container\">\n\t\t\t\t\t<h2 class=\"elementor-heading-title elementor-size-default\">NEWS<\/h2>\t\t\t\t<\/div>\n\t\t\t\t<\/div>\n\t\t\t\t\t<\/div>\n\t\t<\/div>\n\t\t\t\t\t<\/div>\n\t\t<\/section>\n\t\t<div class=\"elementor-element elementor-element-a16d361 e-flex e-con-boxed e-con e-parent\" data-id=\"a16d361\" data-element_type=\"container\" data-e-type=\"container\">\n\t\t\t\t\t<div class=\"e-con-inner\">\n\t\t\t\t<div class=\"elementor-element elementor-element-e751c8b elementor-grid-3 elementor-grid-tablet-2 elementor-grid-mobile-1 elementor-posts--thumbnail-top elementor-card-shadow-yes elementor-posts__hover-gradient elementor-widget elementor-widget-posts\" data-id=\"e751c8b\" data-element_type=\"widget\" data-e-type=\"widget\" data-settings=\"{&quot;cards_columns&quot;:&quot;3&quot;,&quot;cards_columns_tablet&quot;:&quot;2&quot;,&quot;cards_columns_mobile&quot;:&quot;1&quot;,&quot;cards_row_gap&quot;:{&quot;unit&quot;:&quot;px&quot;,&quot;size&quot;:35,&quot;sizes&quot;:[]},&quot;cards_row_gap_tablet&quot;:{&quot;unit&quot;:&quot;px&quot;,&quot;size&quot;:&quot;&quot;,&quot;sizes&quot;:[]},&quot;cards_row_gap_mobile&quot;:{&quot;unit&quot;:&quot;px&quot;,&quot;size&quot;:&quot;&quot;,&quot;sizes&quot;:[]}}\" data-widget_type=\"posts.cards\">\n\t\t\t\t<div class=\"elementor-widget-container\">\n\t\t\t\t\t\t\t<div class=\"elementor-posts-container elementor-posts elementor-posts--skin-cards elementor-grid\" role=\"list\">\n\t\t\t\t<article class=\"elementor-post elementor-grid-item post-340 post type-post status-publish format-standard has-post-thumbnail hentry category-allgemein category-baumschulen-oberdorla\" role=\"listitem\">\n\t\t\t<div class=\"elementor-post__card\">\n\t\t\t\t<a class=\"elementor-post__thumbnail__link\" href=\"https:\/\/www.vogteier-vogelkirsche.de\/en\/baumschulen-oberdorla-gmbh-gefragter-partner-auch-fuer-die-forstwirtschaft\/\" tabindex=\"-1\" ><div class=\"elementor-post__thumbnail\"><img fetchpriority=\"high\" decoding=\"async\" width=\"300\" height=\"200\" src=\"https:\/\/www.vogteier-vogelkirsche.de\/wp-content\/uploads\/2023\/04\/bs-news-300x200.jpg\" class=\"attachment-medium size-medium wp-image-5886\" alt=\"\" srcset=\"https:\/\/www.vogteier-vogelkirsche.de\/wp-content\/uploads\/2023\/04\/bs-news-300x200.jpg 300w, https:\/\/www.vogteier-vogelkirsche.de\/wp-content\/uploads\/2023\/04\/bs-news-18x12.jpg 18w, https:\/\/www.vogteier-vogelkirsche.de\/wp-content\/uploads\/2023\/04\/bs-news.jpg 600w\" sizes=\"(max-width: 300px) 100vw, 300px\" \/><\/div><\/a>\n\t\t\t\t<div class=\"elementor-post__text\">\n\t\t\t\t<h3 class=\"elementor-post__title\">\n\t\t\t<a href=\"https:\/\/www.vogteier-vogelkirsche.de\/en\/baumschulen-oberdorla-gmbh-gefragter-partner-auch-fuer-die-forstwirtschaft\/\" >\n\t\t\t\tBaumschulen Oberdorla GmbH &#8211; gefragter Partner auch f\u00fcr die Forstwirtschaft\t\t\t<\/a>\n\t\t<\/h3>\n\t\t\t\t<div class=\"elementor-post__excerpt\">\n\t\t\t<p>Die Fachagentur Nachwachsende Rohstoffe f\u00f6rdert mit Mitteln des Waldklimafonds u.a. Projekte, die sich mit der Aufkl\u00e4rung und \u00dcberwindung der enormen Sch\u00e4den an der Laubbaumart Gemeine<\/p>\n\t\t<\/div>\n\t\t\n\t\t<a class=\"elementor-post__read-more\" href=\"https:\/\/www.vogteier-vogelkirsche.de\/en\/baumschulen-oberdorla-gmbh-gefragter-partner-auch-fuer-die-forstwirtschaft\/\" aria-label=\"Read more about Baumschulen Oberdorla GmbH &#8211; gefragter Partner auch f\u00fcr die Forstwirtschaft\" tabindex=\"-1\" >\n\t\t\tWeiterlesen \u00bb\t\t<\/a>\n\n\t\t\t\t<\/div>\n\t\t\t\t<div class=\"elementor-post__meta-data\">\n\t\t\t\t\t<span class=\"elementor-post-date\">\n\t\t\t03.04.23\t\t<\/span>\n\t\t\t\t<\/div>\n\t\t\t\t\t<\/div>\n\t\t<\/article>\n\t\t\t\t<\/div>\n\t\t\n\t\t\t\t\t\t<\/div>\n\t\t\t\t<\/div>\n\t\t\t\t\t<\/div>\n\t\t\t\t<\/div>\n\t\t\t\t<\/div>","protected":false},"excerpt":{"rendered":"<p>NEWS<\/p>","protected":false},"author":1,"featured_media":0,"parent":0,"menu_order":0,"comment_status":"closed","ping_status":"closed","template":"template-home.php","meta":{"footnotes":""},"class_list":["post-7863","page","type-page","status-publish","hentry"],"_links":{"self":[{"href":"https:\/\/www.vogteier-vogelkirsche.de\/en\/wp-json\/wp\/v2\/pages\/7863","targetHints":{"allow":["GET"]}}],"collection":[{"href":"https:\/\/www.vogteier-vogelkirsche.de\/en\/wp-json\/wp\/v2\/pages"}],"about":[{"href":"https:\/\/www.vogteier-vogelkirsche.de\/en\/wp-json\/wp\/v2\/types\/page"}],"author":[{"embeddable":true,"href":"https:\/\/www.vogteier-vogelkirsche.de\/en\/wp-json\/wp\/v2\/users\/1"}],"replies":[{"embeddable":true,"href":"https:\/\/www.vogteier-vogelkirsche.de\/en\/wp-json\/wp\/v2\/comments?post=7863"}],"version-history":[{"count":37,"href":"https:\/\/www.vogteier-vogelkirsche.de\/en\/wp-json\/wp\/v2\/pages\/7863\/revisions"}],"predecessor-version":[{"id":8571,"href":"https:\/\/www.vogteier-vogelkirsche.de\/en\/wp-json\/wp\/v2\/pages\/7863\/revisions\/8571"}],"wp:attachment":[{"href":"https:\/\/www.vogteier-vogelkirsche.de\/en\/wp-json\/wp\/v2\/media?parent=7863"}],"curies":[{"name":"wp","href":"https:\/\/api.w.org\/{rel}","templated":true}]}}